{"id":16867,"date":"2025-01-22T18:57:33","date_gmt":"2025-01-22T15:57:33","guid":{"rendered":"https:\/\/cropaia.com\/?page_id=16867"},"modified":"2025-01-22T18:57:33","modified_gmt":"2025-01-22T15:57:33","slug":"yieldsapp","status":"publish","type":"page","link":"https:\/\/cropaia.com\/pt-br\/yieldsapp\/","title":{"rendered":"yieldsApp"},"content":{"rendered":"<h2 style=\"font-size: 2rem; font-weight: bold; margin-bottom: 30px; text-align: center;\"><strong>Uma Plataforma para Supervisionar Toda a Sua <\/strong><br \/>\n<strong>Fazenda ou Agroneg\u00f3cio<\/strong><\/h2>\n<div style=\"max-width: 1200px; margin: auto; padding: 20px; text-align: center;\">\n<div style=\"display: flex; justify-content: space-around; flex-wrap: wrap;\">\n<p><!-- Yield Optimization Section --><\/p>\n<div style=\"flex: 1 1 30%; margin: 10px;\">\n<h2 style=\"font-size: 1.25rem; font-weight: 500; margin-bottom: 20px;\"><strong>Otimiza\u00e7\u00e3o de Rendimento<\/strong><\/h2>\n<p><img decoding=\"async\" style=\"max-width: 100%; height: auto; margin-top: -20px;\" src=\"https:\/\/cropaia.com\/wp-content\/uploads\/\/Increasing-crop-yields-1-300x296.jpg\" alt=\"Uma ilustra\u00e7\u00e3o de trigo dourado com uma seta verde apontando para cima\" \/><\/p>\n<\/div>\n<p><!-- Farm Management Section --><\/p>\n<div style=\"flex: 1 1 30%; margin: 10px;\">\n<h2 style=\"font-size: 1.25rem; font-weight: 500; margin-bottom: 10px;\"><strong>Gest\u00e3o Agr\u00edcola<\/strong><\/h2>\n<p><img decoding=\"async\" style=\"max-width: 100%; height: auto; margin-top: 20px;\" src=\"https:\/\/cropaia.com\/wp-content\/uploads\/\/yieldsApp-Screens-300x187.png\" alt=\"Um computador, tablet e celular mostrando uma interface de gest\u00e3o agr\u00edcola\" \/><\/p>\n<\/div>\n<p><!-- Data-Driven Insights Section --><\/p>\n<div style=\"flex: 1 1 30%; margin: 10px;\">\n<h2 style=\"font-size: 1.25rem; font-weight: 500; margin-bottom: 10px;\"><strong>Insights Baseados em Dados<\/strong><\/h2>\n<p><img decoding=\"async\" style=\"max-width: 100%; height: auto;\" src=\"https:\/\/cropaia.com\/wp-content\/uploads\/\/Smart-agriculture-300x296.jpg\" alt=\"Ilustra\u00e7\u00e3o de plantas e um documento exibindo gr\u00e1ficos de dados\" \/><\/p>\n<\/div>\n<\/div>\n<\/div>\n<iframe loading=\"lazy\" src=\"\/\/www.youtube.com\/embed\/5hNyG6mNjJs?wmode=transparent\" width=\"620\" height=\"348\" ><\/iframe>\n<h2><\/h2>\n<div style=\"max-width: 1200px; margin: auto; padding: 40px 20px; text-align: center;\">\n<p><!-- Title --><\/p>\n<h2 style=\"font-size: 2rem; font-weight: bold; margin-bottom: 30px; text-align: center;\"><strong>Fornecendo Ferramentas Agron\u00f4micas Essenciais<\/strong><\/h2>\n<p>&nbsp;<\/p>\n<p><!-- Content Section --><\/p>\n<div style=\"display: flex; align-items: flex-start; justify-content: center; flex-wrap: wrap; gap: 30px;\">\n<div style=\"flex: 1 1 40%; max-width: 500px; text-align: left; margin-top: 20px;\">\n<ul style=\"list-style: none; padding: 0; margin: 0; font-size: 1rem; line-height: 2; font-weight: 600; color: #000;\">\n<li style=\"display: flex; align-items: center; margin-bottom: 10px;\"><span style=\"color: #4caf50; font-size: 1.2rem; margin-right: 8px;\">\u2713<\/span>PROTOCOLOS DIN\u00c2MICOS PARA CULTURAS<\/li>\n<li style=\"display: flex; align-items: center; margin-bottom: 10px;\"><span style=\"color: #4caf50; font-size: 1.2rem; margin-right: 8px;\">\u2713<\/span>GERENCIAMENTO DE NUTRIENTES<\/li>\n<li style=\"display: flex; align-items: center; margin-bottom: 10px;\"><span style=\"color: #4caf50; font-size: 1.2rem; margin-right: 8px;\">\u2713<\/span>AGENDAMENTO DE IRRIGA\u00c7\u00c3O<\/li>\n<li style=\"display: flex; align-items: center; margin-bottom: 10px;\"><span style=\"color: #4caf50; font-size: 1.2rem; margin-right: 8px;\">\u2713<\/span>PROTE\u00c7\u00c3O DE CULTURAS<\/li>\n<li style=\"display: flex; align-items: center; margin-bottom: 10px;\"><span style=\"color: #4caf50; font-size: 1.2rem; margin-right: 8px;\">\u2713<\/span>MONITORAMENTO DE CAMPO<\/li>\n<li style=\"display: flex; align-items: center; margin-bottom: 10px;\"><span style=\"color: #4caf50; font-size: 1.2rem; margin-right: 8px;\">\u2713<\/span>CONFORMIDADE E SUSTENTABILIDADE<\/li>\n<\/ul>\n<\/div>\n<p><!-- Image Content --><\/p>\n<div style=\"flex: 1 1 50%; max-width: 500px; text-align: center;\"><img decoding=\"async\" style=\"max-width: 100%; height: 377px; border-radius: 8px; box-shadow: rgba(0, 0, 0, 0.1) 0px 4px 15px;\" src=\"https:\/\/cropaia.com\/wp-content\/uploads\/yieldsApp-on-laptop.jpg\" alt=\"Um laptop exibindo a interface do yieldsApp\" width=\"382\" \/><\/div>\n<\/div>\n<\/div>\n<div style=\"max-width: 1200px; margin: auto; padding: 40px 20px; text-align: center;\">\n<p><!-- Title --><\/p>\n<h2 style=\"font-size: 2rem; font-weight: bold; margin-bottom: 30px;\">yieldsApp Apoia Sistemas Agr\u00edcolas Diversificados<\/h2>\n<p><!-- Content --><\/p>\n<div style=\"display: flex; justify-content: center; gap: 30px; margin-bottom: 30px;\">\n<div style=\"flex: 1; max-width: 45%; text-align: center;\">\n<p><img decoding=\"async\" style=\"max-width: 100%; border-radius: 8px;\" src=\"https:\/\/cropaia.com\/wp-content\/uploads\/Row-crops.jpg\" alt=\"Produtores inspecionando fileiras de culturas em um campo\" \/><\/p>\n<h3 style=\"font-size: 1.25rem; font-weight: bold; margin-top: 15px;\">Culturas em Fileiras<\/h3>\n<p style=\"font-size: 1rem; color: #555;\">Otimize o manejo de cereais, leguminosas, oleaginosas e outras culturas.<\/p>\n<\/div>\n<div style=\"flex: 1; max-width: 45%; text-align: center;\">\n<p><img decoding=\"async\" style=\"max-width: 100%; border-radius: 8px;\" src=\"https:\/\/cropaia.com\/wp-content\/uploads\/Citrus-plantation.jpg\" alt=\"Planta\u00e7\u00e3o de c\u00edtricos com \u00e1rvores carregadas de laranjas\" \/><\/p>\n<h3 style=\"font-size: 1.25rem; font-weight: bold; margin-top: 15px;\">Frutas e Pomares<\/h3>\n<p style=\"font-size: 1rem; color: #555;\">Aumente a produtividade de culturas perenes como c\u00edtricos, uvas, abacates e mais.<\/p>\n<\/div>\n<\/div>\n<div style=\"display: flex; justify-content: center; gap: 30px;\">\n<div style=\"flex: 1; max-width: 45%; text-align: center;\">\n<p><img decoding=\"async\" style=\"max-width: 100%; border-radius: 8px;\" src=\"https:\/\/cropaia.com\/wp-content\/uploads\/Tomato-grower.jpg\" alt=\"Agricultor inspecionando tomates\" \/><\/p>\n<h3 style=\"font-size: 1.25rem; font-weight: bold; margin-top: 15px;\">Hortali\u00e7as<\/h3>\n<p style=\"font-size: 1rem; color: #555;\">Atenda \u00e0s necessidades de culturas como tomates, pimentas e cebolas.<\/p>\n<\/div>\n<div style=\"flex: 1; max-width: 45%; text-align: center;\">\n<p><img decoding=\"async\" style=\"max-width: 100%; border-radius: 8px;\" src=\"https:\/\/cropaia.com\/wp-content\/uploads\/Hydroponic-crop.jpg\" alt=\"Cultivo hidrop\u00f4nico de alfaces\" \/><\/p>\n<h3 style=\"font-size: 1.25rem; font-weight: bold; margin-top: 15px;\">Cultivos Hidrop\u00f4nicos<\/h3>\n<p style=\"font-size: 1rem; color: #555;\">Otimize a produ\u00e7\u00e3o hidrop\u00f4nica para obter cultivos saud\u00e1veis e produtivos.<\/p>\n<\/div>\n<\/div>\n<h2 style=\"text-align: justify;\"><strong><span style=\"color: #000000;\">Comece com o yieldsApp<\/span><\/strong><\/h2>\n<p style=\"text-align: justify;\"><span style=\"color: #000000;\">Junte-se \u00e0 revolu\u00e7\u00e3o agr\u00edcola hoje! <strong><a href=\"https:\/\/cropaia.com\/contact\">Entre em contato<\/a><\/strong> para agendar uma demonstra\u00e7\u00e3o ou saber mais sobre como o yieldsApp pode transformar o seu neg\u00f3cio agr\u00edcola.<\/span><\/p>\n<p style=\"text-align: center;\">\n<a class=\"greennature-button medium\" href=\"https:\/\/cropaia.com\/yieldsapp-subscriptions\" target=\"_self\"  style=\"color:#000000; background-color:#47C4AB; \"  >Comece Agora!<\/a>\n<\/p>\n<h2><\/h2>\n<h2 style=\"text-align: justify;\"><strong><span style=\"color: #000000;\">Depoimentos<\/span><\/strong><\/h2>\n<p style=\"text-align: justify;\"><span style=\"color: #000000;\"><em>&#8220;O yieldsApp tem sido um divisor de \u00e1guas para nossa fazenda. As recomenda\u00e7\u00f5es personalizadas melhoraram significativamente nossos rendimentos de culturas.&#8221;<\/em> &#8211; <strong>John S., Produtor de Milho, Ohio<\/strong><\/span><\/p>\n<p><span style=\"color: #000000;\"><em><a href=\"https:\/\/cropaia.com\/wp-content\/uploads\/Stars-e1659355439701.png\"><img loading=\"lazy\" decoding=\"async\" class=\"alignnone size-full wp-image-14076\" src=\"https:\/\/cropaia.com\/wp-content\/uploads\/Stars-e1659355439701.png\" alt=\"\" width=\"119\" height=\"26\" \/><\/a><\/em><\/span><\/p>\n<p style=\"text-align: justify;\"><span style=\"color: #000000;\"><em>&#8220;Como agr\u00f4noma, eu confio no yieldsApp para fornecer as melhores orienta\u00e7\u00f5es aos meus clientes. \u00c9 uma ferramenta indispens\u00e1vel no meu trabalho de consultoria.&#8221;<\/em> &#8211; <strong>Sarah A., Consultora Agr\u00edcola, Calif\u00f3rnia<\/strong><\/span><\/p>\n<p><span style=\"color: #000000;\"><em><a href=\"https:\/\/cropaia.com\/wp-content\/uploads\/Stars-e1659355439701.png\"><img loading=\"lazy\" decoding=\"async\" class=\"alignnone size-full wp-image-14076\" src=\"https:\/\/cropaia.com\/wp-content\/uploads\/Stars-e1659355439701.png\" alt=\"\" width=\"119\" height=\"26\" \/><\/a><\/em><\/span><\/p>\n<p style=\"text-align: justify;\"><span style=\"color: #000000;\"><em>&#8220;O yieldsApp transformou a forma como cultivamos. Com seus protocolos din\u00e2micos e recomenda\u00e7\u00f5es baseadas em dados, aumentamos nossos rendimentos em 15% e reduzimos nossos custos operacionais.&#8221;<\/em> &#8211; <strong>Pieter H., Produtor de Cana-de-A\u00e7\u00facar, \u00c1frica do Sul<\/strong><\/span><\/p>\n<p><span style=\"color: #000000;\"><em><a href=\"https:\/\/cropaia.com\/wp-content\/uploads\/Stars-e1659355439701.png\"><img loading=\"lazy\" decoding=\"async\" class=\"alignnone size-full wp-image-14076\" src=\"https:\/\/cropaia.com\/wp-content\/uploads\/Stars-e1659355439701.png\" alt=\"\" width=\"119\" height=\"26\" \/><\/a><\/em><\/span><\/p>\n<p style=\"text-align: justify;\"><span style=\"color: #000000;\"><em>&#8220;Como consultor agr\u00edcola, o yieldsApp tornou-se uma ferramenta indispens\u00e1vel no meu trabalho. A interface amig\u00e1vel da plataforma e a equipe de suporte responsiva tornam meu trabalho muito mais f\u00e1cil.&#8221;<\/em> &#8211; <strong>Liam D., Agr\u00f4nomo, Austr\u00e1lia<\/strong><\/span><\/p>\n<p><span style=\"color: #000000;\"><em><a href=\"https:\/\/cropaia.com\/wp-content\/uploads\/Stars-e1659355439701.png\"><img loading=\"lazy\" decoding=\"async\" class=\"alignnone size-full wp-image-14076\" src=\"https:\/\/cropaia.com\/wp-content\/uploads\/Stars-e1659355439701.png\" alt=\"\" width=\"119\" height=\"26\" \/><\/a><\/em><\/span><\/p>\n<h2 style=\"text-align: justify;\"><\/h2>\n<\/div>\n","protected":false},"excerpt":{"rendered":"<p>Uma Plataforma para Supervisionar Toda a Sua Fazenda ou Agroneg\u00f3cio Otimiza\u00e7\u00e3o de Rendimento Gest\u00e3o Agr\u00edcola Insights Baseados em Dados Fornecendo Ferramentas Agron\u00f4micas Essenciais &nbsp; \u2713PROTOCOLOS DIN\u00c2MICOS PARA CULTURAS \u2713GERENCIAMENTO DE NUTRIENTES \u2713AGENDAMENTO DE IRRIGA\u00c7\u00c3O \u2713PROTE\u00c7\u00c3O DE CULTURAS \u2713MONITORAMENTO DE CAMPO \u2713CONFORMIDADE E SUSTENTABILIDADE yieldsApp Apoia Sistemas Agr\u00edcolas Diversificados Culturas em Fileiras Otimize o manejo de&#8230; <\/p>\n<div class=\"clear\"><\/div>\n<p><a href=\"https:\/\/cropaia.com\/pt-br\/yieldsapp\/\" class=\"excerpt-read-more\">Read More<\/a><\/p>\n","protected":false},"author":1,"featured_media":0,"parent":0,"menu_order":0,"comment_status":"closed","ping_status":"closed","template":"","meta":{"om_disable_all_campaigns":false,"footnotes":""},"class_list":["post-16867","page","type-page","status-publish","hentry"],"aioseo_notices":[],"_links":{"self":[{"href":"https:\/\/cropaia.com\/pt-br\/wp-json\/wp\/v2\/pages\/16867","targetHints":{"allow":["GET"]}}],"collection":[{"href":"https:\/\/cropaia.com\/pt-br\/wp-json\/wp\/v2\/pages"}],"about":[{"href":"https:\/\/cropaia.com\/pt-br\/wp-json\/wp\/v2\/types\/page"}],"author":[{"embeddable":true,"href":"https:\/\/cropaia.com\/pt-br\/wp-json\/wp\/v2\/users\/1"}],"replies":[{"embeddable":true,"href":"https:\/\/cropaia.com\/pt-br\/wp-json\/wp\/v2\/comments?post=16867"}],"version-history":[{"count":0,"href":"https:\/\/cropaia.com\/pt-br\/wp-json\/wp\/v2\/pages\/16867\/revisions"}],"wp:attachment":[{"href":"https:\/\/cropaia.com\/pt-br\/wp-json\/wp\/v2\/media?parent=16867"}],"curies":[{"name":"wp","href":"https:\/\/api.w.org\/{rel}","templated":true}]}}