{"id":16649,"date":"2024-12-31T01:28:17","date_gmt":"2024-12-30T22:28:17","guid":{"rendered":"https:\/\/cropaia.com\/?page_id=16649"},"modified":"2025-07-15T13:16:10","modified_gmt":"2025-07-15T10:16:10","slug":"fertilizacao-e-irrigacao-teoria-e-melhores-praticas","status":"publish","type":"page","link":"https:\/\/cropaia.com\/pt-br\/fertilizacao-e-irrigacao-teoria-e-melhores-praticas\/","title":{"rendered":"Fertiliza\u00e7\u00e3o e Irriga\u00e7\u00e3o \u2013 Teoria E Melhores Pr\u00e1ticas"},"content":{"rendered":"<p style=\"text-align: justify;\"><span style=\"color: #000000;\"><span style=\"vertical-align: inherit;\"><\/p>\n<div class=\"greennature-shortcode-wrapper\"><div class=\"greennature-item-title-wrapper greennature-item  greennature-left-divider greennature-large \"><div class=\"greennature-item-title-container container\"><div class=\"greennature-item-title-head\"><h3 class=\"greennature-item-title greennature-skin-title greennature-skin-border\">Com mais de 10.000 leitores, este livro se tornou um recurso confi\u00e1vel para produtores e agr\u00f4nomos<\/h3><div class=\"greennature-item-title-caption greennature-skin-info\">Estrat\u00e9gias Agron\u00f4micas Comprovadas<\/div><div class=\"clear\"><\/div><\/div><\/div><\/div><\/div>\n<p><\/span><\/span><\/p>\n<p style=\"text-align: justify;\"><span style=\"color: #000000;\"><span style=\"vertical-align: inherit;\">Voc\u00ea est\u00e1 procurando melhorar suas pr\u00e1ticas de fertiliza\u00e7\u00e3o e irriga\u00e7\u00e3o e aumentar a sa\u00fade e a produtividade de suas planta\u00e7\u00f5es?<\/span><\/span><\/p>\n<p style=\"text-align: justify;\"><span style=\"color: #000000;\"><span style=\"vertical-align: inherit;\">Fertiliza\u00e7\u00e3o e irriga\u00e7\u00e3o s\u00e3o as duas pr\u00e1ticas mais importantes que afetam o rendimento e a qualidade das colheitas.<\/span><\/span><\/p>\n<p>&nbsp;<\/p>\n<p><a href=\"https:\/\/cropaia.com\/wp-content\/uploads\/Book-Mockup-Portuguese-transparent-1.png\"><img loading=\"lazy\" decoding=\"async\" class=\"wp-image-16670 aligncenter\" src=\"https:\/\/cropaia.com\/wp-content\/uploads\/Book-Mockup-Portuguese-transparent-1.png\" alt=\"\" width=\"599\" height=\"469\" srcset=\"https:\/\/cropaia.com\/wp-content\/uploads\/Book-Mockup-Portuguese-transparent-1.png 1500w, https:\/\/cropaia.com\/wp-content\/uploads\/Book-Mockup-Portuguese-transparent-1-300x235.png 300w, https:\/\/cropaia.com\/wp-content\/uploads\/Book-Mockup-Portuguese-transparent-1-1024x801.png 1024w, https:\/\/cropaia.com\/wp-content\/uploads\/Book-Mockup-Portuguese-transparent-1-768x601.png 768w\" sizes=\"auto, (max-width: 599px) 100vw, 599px\" \/><\/a><\/p>\n<p style=\"text-align: center;\"><span style=\"color: #000000;\"><strong><span style=\"vertical-align: inherit;\">Compre o e-book hoje e receba-o diretamente na sua caixa de entrada<\/span><\/strong><\/span><\/p>\n<p style=\"text-align: center;\"><span style=\"color: #5dc269;\"><strong><span style=\"vertical-align: inherit;\">\u00a0Agora por apenas<\/span><\/strong><del><span style=\"vertical-align: inherit;\">$ 85<\/span><\/del><\/span><span style=\"color: #000000;\"><strong><span style=\"vertical-align: inherit;\">49 d\u00f3lares americanos<\/span><\/strong><\/span><\/p>\n<h4 style=\"text-align: center;\"><span style=\"color: #000000;\"><strong>N\u00e3o perca a oportunidade<\/strong><\/span><\/h4>\n<p style=\"text-align: center;\">\n<a class=\"greennature-button medium with-border\" href=\"https:\/\/checkout.bluesnap.com\/buynow\/checkout?sku3934470=1&amp;storeid=629919&amp;couponcode=AS3481G&amp;cart.open=Y&amp;enc=bqDAwRmaTaCVrunYqbBRfPlW4rhAKBVulIVGM3SnIM2YZWnl2NMhEu2MKzGeNOidpWKlSGaEY1GZbkN%2BOq9A73u8Zqmeu6GPm9%2F38vstuvY%3D\" target=\"_blank\"  style=\"background-color:#5dc269; border-color:#999999; \"  >Compre Agora<\/a>\n<\/p>\n<h5 style=\"text-align: center;\"><\/h5>\n<p><span style=\"color: #000000;\"><span style=\"vertical-align: inherit;\">Ao longo das 260 p\u00e1ginas do livro, o autor revela os elementos mais cruciais da nutri\u00e7\u00e3o e irriga\u00e7\u00e3o das culturas.<\/span><\/span><\/p>\n<p><span style=\"color: #000000;\"><span style=\"vertical-align: inherit;\">O livro estabelece uma base s\u00f3lida para a compreens\u00e3o dos princ\u00edpios e pr\u00e1ticas de fertiliza\u00e7\u00e3o e irriga\u00e7\u00e3o, permitindo a produ\u00e7\u00e3o sustent\u00e1vel de culturas saud\u00e1veis.<\/span><\/span><\/p>\n<p><strong><span style=\"color: #000000;\"><span style=\"vertical-align: inherit;\">Tudo explicado de forma clara e f\u00e1cil de ler.<\/span><\/span><\/strong><\/p>\n<p><span style=\"color: #000000;\"><span style=\"vertical-align: inherit;\">Seja voc\u00ea um fazendeiro, consultor de safras ou um agr\u00f4nomo em busca de novas oportunidades de carreira, este livro lhe dar\u00e1 uma compreens\u00e3o abrangente e m\u00e9todos comprovados para melhorar a sa\u00fade, o rendimento e a qualidade geral das safras.<\/span><\/span><\/p>\n<p><a href=\"https:\/\/cropaia.com\/wp-content\/uploads\/Book-Mockup-Portuguese-transparent-1.png\"><img loading=\"lazy\" decoding=\"async\" class=\"wp-image-16670 aligncenter\" src=\"https:\/\/cropaia.com\/wp-content\/uploads\/Book-Mockup-Portuguese-transparent-1.png\" alt=\"\" width=\"593\" height=\"464\" srcset=\"https:\/\/cropaia.com\/wp-content\/uploads\/Book-Mockup-Portuguese-transparent-1.png 1500w, https:\/\/cropaia.com\/wp-content\/uploads\/Book-Mockup-Portuguese-transparent-1-300x235.png 300w, https:\/\/cropaia.com\/wp-content\/uploads\/Book-Mockup-Portuguese-transparent-1-1024x801.png 1024w, https:\/\/cropaia.com\/wp-content\/uploads\/Book-Mockup-Portuguese-transparent-1-768x601.png 768w\" sizes=\"auto, (max-width: 593px) 100vw, 593px\" \/><\/a><\/p>\n<p style=\"text-align: center;\"><span style=\"color: #000000;\"><strong><span style=\"vertical-align: inherit;\">Compre o e-book hoje e receba-o diretamente na sua caixa de entrada<\/span><\/strong><\/span><\/p>\n<p style=\"text-align: center;\"><span style=\"color: #5dc269;\"><strong><span style=\"vertical-align: inherit;\">\u00a0Agora por apenas<\/span><\/strong><del><span style=\"vertical-align: inherit;\">$ 85<\/span><\/del><\/span><span style=\"color: #000000;\"><strong><span style=\"vertical-align: inherit;\">49 d\u00f3lares americanos<\/span><\/strong><\/span><\/p>\n<h4 style=\"text-align: center;\"><span style=\"color: #000000;\"><strong>N\u00e3o perca a oportunidade<\/strong><\/span><\/h4>\n<p><!--<a href=\"https:\/\/cropaia.com\/wp-content\/uploads\/pdf-icon-2.png\"><span data-mce-type=\"bookmark\" style=\"display: inline-block; width: 0px; overflow: hidden; line-height: 0;\" class=\"mce_SELRES_start\"><\/span><img loading=\"lazy\" decoding=\"async\" class=\"wp-image-14770 aligncenter\" src=\"https:\/\/cropaia.com\/wp-content\/uploads\/pdf-icon-2.png\" alt=\"\" width=\"97\" height=\"97\" srcset=\"https:\/\/cropaia.com\/wp-content\/uploads\/pdf-icon-2.png 400w, https:\/\/cropaia.com\/wp-content\/uploads\/pdf-icon-2-300x300.png 300w, https:\/\/cropaia.com\/wp-content\/uploads\/pdf-icon-2-150x150.png 150w\" sizes=\"auto, (max-width: 97px) 100vw, 97px\" \/><span data-mce-type=\"bookmark\" style=\"display: inline-block; width: 0px; overflow: hidden; line-height: 0;\" class=\"mce_SELRES_end\"><\/span><\/a>--><\/p>\n<p style=\"text-align: center;\">\n<a class=\"greennature-button medium with-border\" href=\"https:\/\/checkout.bluesnap.com\/buynow\/checkout?sku3934470=1&amp;storeid=629919&amp;couponcode=AS3481G&amp;cart.open=Y&amp;enc=bqDAwRmaTaCVrunYqbBRfPlW4rhAKBVulIVGM3SnIM2YZWnl2NMhEu2MKzGeNOidpWKlSGaEY1GZbkN%2BOq9A73u8Zqmeu6GPm9%2F38vstuvY%3D\" target=\"_blank\"  style=\"background-color:#5dc269; border-color:#999999; \"  >Compre Agora<\/a>\n<\/p>\n<p><span style=\"vertical-align: inherit;\"><\/p>\n<div class=\"greennature-shortcode-wrapper\"><div class=\"greennature-item-title-wrapper greennature-item  greennature-left-divider greennature-large \"><div class=\"greennature-item-title-container container\"><div class=\"greennature-item-title-head\"><h3 class=\"greennature-item-title greennature-skin-title greennature-skin-border\">Curioso sobre o que tem dentro?<\/h3><div class=\"clear\"><\/div><\/div><\/div><\/div><\/div>\n<p><\/span><\/p>\n<p><span style=\"color: #000000;\"><span style=\"vertical-align: inherit;\">Aqui est\u00e3o apenas alguns dos t\u00f3picos abordados:<\/span><\/span><\/p>\n<ul>\n<li><span style=\"color: #000000;\"><span style=\"color: #5dc269;\"><strong><span style=\"vertical-align: inherit;\">Nutrientes essenciais para as plantas:<\/span><\/strong><\/span><span style=\"vertical-align: inherit;\"> suas fun\u00e7\u00f5es, disponibilidade e sintomas de defici\u00eancia.<\/span><\/span><\/li>\n<li><span style=\"color: #000000;\"><span style=\"color: #5dc269;\"><strong><span style=\"vertical-align: inherit;\">\u00c1gua de irriga\u00e7\u00e3o:<\/span><\/strong><\/span><span style=\"vertical-align: inherit;\"> Quais s\u00e3o os par\u00e2metros para avaliar a qualidade da \u00e1gua de irriga\u00e7\u00e3o e como interpretar a an\u00e1lise da \u00e1gua.<\/span><\/span><\/li>\n<li><span style=\"color: #000000;\"><span style=\"color: #5dc269;\"><strong><span style=\"vertical-align: inherit;\">Testes de solo:<\/span><\/strong><\/span><span style=\"vertical-align: inherit;\"> como voc\u00ea pode interpretar efetivamente os resultados dos testes de solo para uma tomada de decis\u00e3o informada.<\/span><\/span><\/li>\n<li><span style=\"color: #000000;\"><span style=\"color: #5dc269;\"><strong><span style=\"vertical-align: inherit;\">Propriedades do solo:<\/span><\/strong><\/span><span style=\"vertical-align: inherit;\"> Quais s\u00e3o as propriedades do solo que impactam significativamente o crescimento das plantas e como voc\u00ea as considera?<\/span><\/span><\/li>\n<li><span style=\"color: #000000;\"><span style=\"color: #5dc269;\"><strong><span style=\"vertical-align: inherit;\">\u00c1gua no solo:<\/span><\/strong><\/span><span style=\"vertical-align: inherit;\"> Entenda a din\u00e2mica da \u00e1gua no solo e sua acessibilidade \u00e0s plantas.<\/span><\/span><\/li>\n<li><span style=\"color: #000000;\"><span style=\"color: #5dc269;\"><strong><span style=\"vertical-align: inherit;\">Fertirriga\u00e7\u00e3o:<\/span><\/strong><\/span><span style=\"vertical-align: inherit;\"> Explore as melhores pr\u00e1ticas de fertirriga\u00e7\u00e3o para otimizar o fornecimento de nutrientes via irriga\u00e7\u00e3o.<\/span><\/span><\/li>\n<li><span style=\"color: #000000;\"><span style=\"color: #5dc269;\"><strong><span style=\"vertical-align: inherit;\">Recomenda\u00e7\u00f5es de fertilizantes:<\/span><\/strong><\/span><span style=\"vertical-align: inherit;\"> Como calcular e dar recomenda\u00e7\u00f5es de fertilizantes.<\/span><\/span><\/li>\n<li><span style=\"color: #000000;\"><span style=\"color: #5dc269;\"><strong><span style=\"vertical-align: inherit;\">M\u00e9todos de programa\u00e7\u00e3o de irriga\u00e7\u00e3o:<\/span><\/strong><\/span><span style=\"vertical-align: inherit;\"> Aprenda os princ\u00edpios e pr\u00e1ticas de otimiza\u00e7\u00e3o de programa\u00e7\u00f5es de irriga\u00e7\u00e3o.<\/span><\/span><\/li>\n<li><span style=\"color: #000000;\"><span style=\"color: #5dc269;\"><strong><span style=\"vertical-align: inherit;\">Hidroponia:<\/span><\/strong><\/span><span style=\"vertical-align: inherit;\"> Adquira t\u00e9cnicas de cultivo, prepara\u00e7\u00e3o de solu\u00e7\u00f5es nutritivas e muito mais.<\/span><\/span><\/li>\n<li><span style=\"color: #000000;\"><span style=\"color: #5dc269;\"><strong><span style=\"vertical-align: inherit;\">Fertiliza\u00e7\u00e3o org\u00e2nica:<\/span><\/strong><\/span><span style=\"vertical-align: inherit;\"> explore op\u00e7\u00f5es de nutrientes sustent\u00e1veis.<\/span><\/span><\/li>\n<\/ul>\n<p>&nbsp;<\/p>\n<p>&nbsp;<\/p>\n<p>&nbsp;<\/p>\n<p><span style=\"vertical-align: inherit;\"><\/p>\n<div class=\"greennature-shortcode-wrapper\"><div class=\"greennature-item-title-wrapper greennature-item  greennature-left-divider greennature-large \"><div class=\"greennature-item-title-container container\"><div class=\"greennature-item-title-head\"><h3 class=\"greennature-item-title greennature-skin-title greennature-skin-border\">Quer saber quem eu sou?<\/h3><div class=\"clear\"><\/div><\/div><\/div><\/div><\/div>\n<p><\/span><\/p>\n<p><span style=\"vertical-align: inherit;\"><\/p>\n<div class=\"greennature-shortcode-wrapper greennature-row-shortcode\"> <\/span>\r\n<span style=\"vertical-align: inherit;\"><div class=\"eight columns\"><div class=\"greennature-item greennature-column-shortcode\"><p><\/span><\/p>\n<p><span style=\"color: #000000;\"><span style=\"vertical-align: inherit;\">Meu nome \u00e9 Guy Sela. Sou um especialista em nutri\u00e7\u00e3o e irriga\u00e7\u00e3o de plantas reconhecido internacionalmente e altamente influente.<\/span><\/span><\/p>\n<p><span style=\"color: #000000;\"><span style=\"vertical-align: inherit;\">Gra\u00e7as aos muitos anos que passei pesquisando e experimentando maneiras de melhorar a produ\u00e7\u00e3o agr\u00edcola e aprimorando minhas habilidades em agricultura comercial ao redor do mundo, pude trabalhar com milhares de produtores e agr\u00f4nomos globalmente, ajudando-os a ter sucesso em seus neg\u00f3cios. E posso ajudar voc\u00ea tamb\u00e9m.<\/span><\/span><\/p>\n<p><span style=\"color: #000000;\"><span style=\"vertical-align: inherit;\">Atualmente, sou o propriet\u00e1rio e fundador da Cropaia e da yieldsApp, ambas empresas de agtech. Tamb\u00e9m fui fundador e CEO de outras tecnologias agr\u00edcolas pioneiras.\u00a0<\/span><\/span><\/p>\n<p><span style=\"color: #000000;\"><span style=\"vertical-align: inherit;\">Nutri\u00e7\u00e3o e irriga\u00e7\u00e3o de plantas s\u00e3o minha especialidade. Minha mistura \u00fanica de estrat\u00e9gia e maestria em fertiliza\u00e7\u00e3o e irriga\u00e7\u00e3o maximizar\u00e1 rapidamente o rendimento da sua colheita.<\/span><\/span><\/p>\n<p><a href=\"https:\/\/www.linkedin.com\/in\/guysela31\/\"><span style=\"vertical-align: inherit;\">Visite meu perfil no Linkedin\u00a0<\/span><\/a><\/p>\n<p><span style=\"vertical-align: inherit;\"><\/p>\n<\/div><\/div> <\/span>\r\n<div class=\"four columns\"><div class=\"greennature-item greennature-column-shortcode\"><div id=\"attachment_9711\" style=\"width: 256px\" class=\"wp-caption alignnone\"><a href=\"https:\/\/cropaia.com\/wp-content\/uploads\/2018\/10\/Guy-Sela-Cropaia.jpg\"><img loading=\"lazy\" decoding=\"async\" aria-describedby=\"caption-attachment-9711\" class=\"size-medium wp-image-9711\" src=\"https:\/\/cropaia.com\/wp-content\/uploads\/2018\/10\/Guy-Sela-Cropaia-246x300.jpg\" alt=\"\" width=\"246\" height=\"300\" \/><\/a><p id=\"caption-attachment-9711\" class=\"wp-caption-text\"><span style=\"vertical-align: inherit;\">Guy Sela<\/span><\/p><\/div>\n<\/div><\/div>\r\n<div class=\"clear\"><\/div><\/div>\n<p>&nbsp;<\/p>\n<p><span style=\"vertical-align: inherit;\"><\/p>\n<div class=\"greennature-shortcode-wrapper\"><div class=\"greennature-item-title-wrapper greennature-item  greennature-left-divider greennature-large \"><div class=\"greennature-item-title-container container\"><div class=\"greennature-item-title-head\"><h3 class=\"greennature-item-title greennature-skin-title greennature-skin-border\">N\u00e3o acredite apenas na minha palavra. Aqui est\u00e1 o que os leitores dizem<\/h3><div class=\"clear\"><\/div><\/div><\/div><\/div><\/div>\n<p><\/span><\/p>\n<p><a href=\"https:\/\/cropaia.com\/wp-content\/uploads\/Stars.png\"><img loading=\"lazy\" decoding=\"async\" class=\"alignnone wp-image-14076 size-full\" src=\"https:\/\/cropaia.com\/wp-content\/uploads\/Stars-e1659355439701.png\" alt=\"\" width=\"119\" height=\"26\" \/><\/a><br \/>\n<span style=\"color: #000000;\"><em><strong><span style=\"vertical-align: inherit;\">&#8220;\u00c9 um investimento que realmente vale a pena. Voc\u00ea n\u00e3o vai se arrepender.&#8221;<\/span><\/strong><span style=\"vertical-align: inherit;\"> Rafael Oliveira<\/span><\/em><\/span><\/p>\n<p><span style=\"color: #000000;\"><a style=\"color: #000000;\" href=\"https:\/\/cropaia.com\/wp-content\/uploads\/Stars.png\"><img loading=\"lazy\" decoding=\"async\" class=\"alignnone wp-image-14076 size-full\" src=\"https:\/\/cropaia.com\/wp-content\/uploads\/Stars-e1659355439701.png\" alt=\"\" width=\"119\" height=\"26\" \/><\/a><\/span><br \/>\n<span style=\"color: #000000;\"><strong><span style=\"vertical-align: inherit;\">&#8220;Recomendo fortemente este livro!&#8221;<\/span><\/strong><em><span style=\"vertical-align: inherit;\">Fernanda Lima<\/span><\/em><\/span><\/p>\n<p><span style=\"color: #000000;\"><a style=\"color: #000000;\" href=\"https:\/\/cropaia.com\/wp-content\/uploads\/Stars.png\"><img loading=\"lazy\" decoding=\"async\" class=\"alignnone wp-image-14076 size-full\" src=\"https:\/\/cropaia.com\/wp-content\/uploads\/Stars-e1659355439701.png\" alt=\"\" width=\"119\" height=\"26\" \/><\/a><\/span><br \/>\n<span style=\"color: #000000;\"><strong><em><span style=\"vertical-align: inherit;\">&#8220;Recomendo fortemente este livro de estudo, \u00e9 uma leitura envolvente e cheia de informa\u00e7\u00f5es \u00fateis.&#8221;<\/span><\/em><\/strong><em><span style=\"vertical-align: inherit;\"> Carlos Mendes<\/span><\/em><\/span><\/p>\n<p><span style=\"color: #000000;\"><a style=\"color: #000000;\" href=\"https:\/\/cropaia.com\/wp-content\/uploads\/Stars.png\"><img loading=\"lazy\" decoding=\"async\" class=\"alignnone wp-image-14076 size-full\" src=\"https:\/\/cropaia.com\/wp-content\/uploads\/Stars-e1659355439701.png\" alt=\"\" width=\"119\" height=\"26\" \/><\/a><\/span><br \/>\n<span style=\"color: #000000;\"><strong><span style=\"vertical-align: inherit;\">&#8220;Livro excelente e pr\u00e1tico!&#8221;<\/span><\/strong><em><span style=\"vertical-align: inherit;\">Luciana Ribeiro<\/span><\/em><\/span><\/p>\n<p><span style=\"color: #000000;\"><a style=\"color: #000000;\" href=\"https:\/\/cropaia.com\/wp-content\/uploads\/Stars.png\"><img loading=\"lazy\" decoding=\"async\" class=\"alignnone wp-image-14076 size-full\" src=\"https:\/\/cropaia.com\/wp-content\/uploads\/Stars-e1659355439701.png\" alt=\"\" width=\"119\" height=\"26\" \/><\/a><\/span><br \/>\n<span style=\"color: #000000;\"><span style=\"vertical-align: inherit;\">&#8220;O livro de Guy Sela est\u00e1 cheio de insights que eu n\u00e3o esperava. J\u00e1 aprendi muito e isso vai me ajudar nos preparativos para 2025.&#8221;. Thiago <em>Martins<\/em><\/span><\/span><\/p>\n<p><span style=\"color: #000000;\"><a style=\"color: #000000;\" href=\"https:\/\/cropaia.com\/wp-content\/uploads\/Stars.png\"><img loading=\"lazy\" decoding=\"async\" class=\"alignnone wp-image-14076 size-full\" src=\"https:\/\/cropaia.com\/wp-content\/uploads\/Stars-e1659355439701.png\" alt=\"\" width=\"119\" height=\"26\" \/><\/a><\/span><br \/>\n<span style=\"color: #000000;\"><strong><span style=\"vertical-align: inherit;\">Estamos extremamente satisfeitos com o livro, seu conte\u00fado e o layout&#8221;. <\/span><\/strong><em><span style=\"vertical-align: inherit;\">Bruno Souza<\/span><\/em><\/span><\/p>\n<p><span style=\"color: #000000;\"><a style=\"color: #000000;\" href=\"https:\/\/cropaia.com\/wp-content\/uploads\/Stars.png\"><img loading=\"lazy\" decoding=\"async\" class=\"alignnone wp-image-14076 size-full\" src=\"https:\/\/cropaia.com\/wp-content\/uploads\/Stars-e1659355439701.png\" alt=\"\" width=\"119\" height=\"26\" \/><\/a><br \/>\n<\/span><em><strong><span style=\"vertical-align: inherit;\">&#8220;Seu livro \u00e9 uma grande fonte de informa\u00e7\u00e3o, tudo em um s\u00f3 lugar&#8221;.<\/span><\/strong><span style=\"vertical-align: inherit;\"> Gabriel Henrique Santos<\/span><\/em><\/p>\n<p><a href=\"https:\/\/cropaia.com\/wp-content\/uploads\/Book-Mockup-Portuguese-transparent-1.png\"><img loading=\"lazy\" decoding=\"async\" class=\"wp-image-16670 aligncenter\" src=\"https:\/\/cropaia.com\/wp-content\/uploads\/Book-Mockup-Portuguese-transparent-1.png\" alt=\"\" width=\"593\" height=\"464\" srcset=\"https:\/\/cropaia.com\/wp-content\/uploads\/Book-Mockup-Portuguese-transparent-1.png 1500w, https:\/\/cropaia.com\/wp-content\/uploads\/Book-Mockup-Portuguese-transparent-1-300x235.png 300w, https:\/\/cropaia.com\/wp-content\/uploads\/Book-Mockup-Portuguese-transparent-1-1024x801.png 1024w, https:\/\/cropaia.com\/wp-content\/uploads\/Book-Mockup-Portuguese-transparent-1-768x601.png 768w\" sizes=\"auto, (max-width: 593px) 100vw, 593px\" \/><\/a><\/p>\n<p style=\"text-align: center;\"><span style=\"color: #000000;\"><strong><span style=\"vertical-align: inherit;\">Compre o e-book hoje e receba-o diretamente na sua caixa de entrada<\/span><\/strong><\/span><\/p>\n<p style=\"text-align: center;\"><strong><span style=\"color: #5dc269;\"><span style=\"vertical-align: inherit;\">Agora por apenas<\/span><\/span><\/strong><span style=\"color: #5dc269;\"> <del><span style=\"vertical-align: inherit;\">$ 85<\/span><\/del><\/span><span style=\"color: #000000;\"><strong><span style=\"vertical-align: inherit;\">49 d\u00f3lares americanos<\/span><\/strong><\/span><\/p>\n<h4 style=\"text-align: center;\"><span style=\"color: #000000;\"><strong><span style=\"vertical-align: inherit;\">N\u00e3o perca a oportunidade<\/span><\/strong><\/span><\/h4>\n<p style=\"text-align: center;\"><span style=\"vertical-align: inherit;\"><\/p>\n<a class=\"greennature-button medium with-border\" href=\"https:\/\/checkout.bluesnap.com\/buynow\/checkout?sku3934470=1&amp;storeid=629919&amp;couponcode=AS3481G&amp;cart.open=Y&amp;enc=bqDAwRmaTaCVrunYqbBRfPlW4rhAKBVulIVGM3SnIM2YZWnl2NMhEu2MKzGeNOidpWKlSGaEY1GZbkN%2BOq9A73u8Zqmeu6GPm9%2F38vstuvY%3D\" target=\"_self\"  style=\"background-color:#5dc269; border-color:#999999; \"  >Compre agora<\/a>\n<p><\/span><\/p>\n<p>&nbsp;<\/p>\n<p><span style=\"vertical-align: inherit;\">M\u00e9todos de pagamento alternativos (somente e-book): <\/span><span style=\"text-decoration: underline; color: #5dc269;\"><a style=\"color: #5dc269;\" href=\"https:\/\/pay.hotmart.com\/J60199573H\" target=\"_blank\" rel=\"noopener\"><strong><span style=\"vertical-align: inherit;\">Problemas com pagamento? Clique aqui para pagamentos\u00a0 com Hotmart<\/span><\/strong><\/a><\/span><\/p>\n","protected":false},"excerpt":{"rendered":"<p>Voc\u00ea est\u00e1 procurando melhorar suas pr\u00e1ticas de fertiliza\u00e7\u00e3o e irriga\u00e7\u00e3o e aumentar a sa\u00fade e a produtividade de suas planta\u00e7\u00f5es? Fertiliza\u00e7\u00e3o e irriga\u00e7\u00e3o s\u00e3o as duas pr\u00e1ticas mais importantes que afetam o rendimento e a qualidade das colheitas. &nbsp; Compre o e-book hoje e receba-o diretamente na sua caixa de entrada \u00a0Agora por apenas$ 8549&#8230; <\/p>\n<div class=\"clear\"><\/div>\n<p><a href=\"https:\/\/cropaia.com\/pt-br\/fertilizacao-e-irrigacao-teoria-e-melhores-praticas\/\" class=\"excerpt-read-more\">Read More<\/a><\/p>\n","protected":false},"author":1,"featured_media":0,"parent":0,"menu_order":0,"comment_status":"closed","ping_status":"closed","template":"","meta":{"om_disable_all_campaigns":false,"footnotes":""},"class_list":["post-16649","page","type-page","status-publish","hentry"],"aioseo_notices":[],"_links":{"self":[{"href":"https:\/\/cropaia.com\/pt-br\/wp-json\/wp\/v2\/pages\/16649","targetHints":{"allow":["GET"]}}],"collection":[{"href":"https:\/\/cropaia.com\/pt-br\/wp-json\/wp\/v2\/pages"}],"about":[{"href":"https:\/\/cropaia.com\/pt-br\/wp-json\/wp\/v2\/types\/page"}],"author":[{"embeddable":true,"href":"https:\/\/cropaia.com\/pt-br\/wp-json\/wp\/v2\/users\/1"}],"replies":[{"embeddable":true,"href":"https:\/\/cropaia.com\/pt-br\/wp-json\/wp\/v2\/comments?post=16649"}],"version-history":[{"count":0,"href":"https:\/\/cropaia.com\/pt-br\/wp-json\/wp\/v2\/pages\/16649\/revisions"}],"wp:attachment":[{"href":"https:\/\/cropaia.com\/pt-br\/wp-json\/wp\/v2\/media?parent=16649"}],"curies":[{"name":"wp","href":"https:\/\/api.w.org\/{rel}","templated":true}]}}