{"id":8541,"date":"2018-06-19T22:34:11","date_gmt":"2018-06-19T19:34:11","guid":{"rendered":"https:\/\/cropaia.com\/?page_id=8541"},"modified":"2021-09-23T00:35:59","modified_gmt":"2021-09-22T21:35:59","slug":"boletin-informativo","status":"publish","type":"page","link":"https:\/\/cropaia.com\/es\/boletin-informativo\/","title":{"rendered":"Bolet\u00edn informativo"},"content":{"rendered":"<h2>\u00danese a la mejor comunidad de agr\u00f3nomos y agricultores. Registrese para recibir informaci\u00f3n sobre agron\u00f3micos, novedades, consejos y invitaci\u00f3n a seminarios web<\/h2>\n<p><iframe style=\"max-width: 400px; width: 100%;\" src=\"https:\/\/gem.godaddy.com\/signups\/484d974d7546412ca3b3e860f7c35df3\/iframe\" height=\"504\" frameborder=\"0\" scrolling=\"no\"><\/iframe><\/p>\n","protected":false},"excerpt":{"rendered":"<p>\u00danese a la mejor comunidad de agr\u00f3nomos y agricultores. Registrese para recibir informaci\u00f3n sobre agron\u00f3micos, novedades, consejos y invitaci\u00f3n a seminarios web<\/p>\n","protected":false},"author":1,"featured_media":0,"parent":0,"menu_order":0,"comment_status":"closed","ping_status":"closed","template":"","meta":{"om_disable_all_campaigns":false,"footnotes":""},"class_list":["post-8541","page","type-page","status-publish","hentry"],"aioseo_notices":[],"_links":{"self":[{"href":"https:\/\/cropaia.com\/es\/wp-json\/wp\/v2\/pages\/8541","targetHints":{"allow":["GET"]}}],"collection":[{"href":"https:\/\/cropaia.com\/es\/wp-json\/wp\/v2\/pages"}],"about":[{"href":"https:\/\/cropaia.com\/es\/wp-json\/wp\/v2\/types\/page"}],"author":[{"embeddable":true,"href":"https:\/\/cropaia.com\/es\/wp-json\/wp\/v2\/users\/1"}],"replies":[{"embeddable":true,"href":"https:\/\/cropaia.com\/es\/wp-json\/wp\/v2\/comments?post=8541"}],"version-history":[{"count":0,"href":"https:\/\/cropaia.com\/es\/wp-json\/wp\/v2\/pages\/8541\/revisions"}],"wp:attachment":[{"href":"https:\/\/cropaia.com\/es\/wp-json\/wp\/v2\/media?parent=8541"}],"curies":[{"name":"wp","href":"https:\/\/api.w.org\/{rel}","templated":true}]}}