{"id":15378,"date":"2023-09-28T23:20:06","date_gmt":"2023-09-28T20:20:06","guid":{"rendered":"https:\/\/cropaia.com\/?page_id=15378"},"modified":"2024-01-15T12:03:32","modified_gmt":"2024-01-15T09:03:32","slug":"yieldsapp-suscripciones","status":"publish","type":"page","link":"https:\/\/cropaia.com\/es\/yieldsapp-suscripciones\/","title":{"rendered":"Suscripciones de yieldsApp"},"content":{"rendered":"<div id=\"rpt_pricr\" class=\"rpt_plans rpt_3_plans rpt_style_basic\"><div class=\" rpt_xxsm_price\"><div class=\"rpt_plan   rpt_plan_0  \"><div style=\"text-align:center;\" class=\"rpt_title rpt_title_0\">yieldsApp PLUS<\/div><div class=\"rpt_head rpt_head_0\"><div class=\"rpt_price rpt_price_0\">540 USD<\/div><div class=\"rpt_description rpt_description_0\">Suscripci\u00f3n anual<\/div><\/div><div class=\"rpt_features rpt_features_0\"><div style=\"color:black;\" class=\"rpt_feature rpt_feature_0-0\">Hasta 135 ha de *cultivos extensivos\r<\/div><div style=\"color:black;\" class=\"rpt_feature rpt_feature_0-1\">O\r<\/div><div style=\"color:black;\" class=\"rpt_feature rpt_feature_0-2\">Hasta 30 ha de hortalizas y frutales en campo abierto\r<\/div><div style=\"color:black;\" class=\"rpt_feature rpt_feature_0-3\">O\r<\/div><div style=\"color:black;\" class=\"rpt_feature rpt_feature_0-4\">Hasta 5 ha de cultivos de invernadero y cultivos hidrop\u00f3nicos\r<\/div><div style=\"color:black;\" class=\"rpt_feature rpt_feature_0-5\">Gesti\u00f3n de hasta 10 fincas<\/div><\/div><a target=\"_blank\" href=\"https:\/\/checkout.bluesnap.com\/buynow\/checkout?sku4120980=1&#038;storeid=688959\" style=\"background:#099619\" class=\"rpt_foot rpt_foot_0\">Inscribirse ahora<\/a><\/div><div class=\"rpt_plan   rpt_plan_1  \"><div style=\"text-align:center;\" class=\"rpt_title rpt_title_1\">yieldsApp PRO<\/div><div class=\"rpt_head rpt_head_1\"><div class=\"rpt_price rpt_price_1\">Personalizado<\/div><div class=\"rpt_description rpt_description_1\">Suscripci\u00f3n anual<\/div><\/div><div class=\"rpt_features rpt_features_1\"><div style=\"color:black;\" class=\"rpt_feature rpt_feature_1-0\">Mayor superficie\r<\/div><div style=\"color:black;\" class=\"rpt_feature rpt_feature_1-1\">Gestionar m\u00e1s fincas\/clientes (consultores)\r<\/div><div style=\"color:black;\" class=\"rpt_feature rpt_feature_1-2\">Panel de control del consultor\r<\/div><div style=\"color:black;\" class=\"rpt_feature rpt_feature_1-3\">Soluciones personalizadas<\/div><\/div><a target=\"_blank\" href=\"mailto:info@yieldsapp.com\" style=\"background:#1e73be\" class=\"rpt_foot rpt_foot_1\">Cont\u00e1ctenos<\/a><\/div><div class=\"rpt_plan   rpt_plan_2  \"><div style=\"text-align:center;\" class=\"rpt_title rpt_title_2\">Premium<\/div><div class=\"rpt_head rpt_head_2\"><div class=\"rpt_price rpt_price_2\">Personalizado<\/div><div class=\"rpt_description rpt_description_2\">Suscripci\u00f3n personalizada<\/div><\/div><div class=\"rpt_features rpt_features_2\"><div style=\"color:black;\" class=\"rpt_feature rpt_feature_2-0\">Empresas de alimentos y bebidas\r<\/div><div style=\"color:black;\" class=\"rpt_feature rpt_feature_2-1\">ONG, instituciones gubernamentales\r<\/div><div style=\"color:black;\" class=\"rpt_feature rpt_feature_2-2\">Agronegocios\r<\/div><div style=\"color:black;\" class=\"rpt_feature rpt_feature_2-3\">instituciones financieras<\/div><\/div><a target=\"_blank\" href=\"mailto:info@yieldsapp.com\" style=\"background:#dd9933\" class=\"rpt_foot rpt_foot_2\">Cont\u00e1ctenos<\/a><\/div><\/div><\/div><div style=\"clear:both;\"><\/div>\n<p>&nbsp;<\/p>\n<p>* Los cultivos extensivos incluyen cultivos como ma\u00edz, soja, arroz, trigo, cebada, girasol, alfalfa, ca\u00f1a de az\u00facar, algod\u00f3n, tabaco, etc.<\/p>\n","protected":false},"excerpt":{"rendered":"<p>&nbsp; * Los cultivos extensivos incluyen cultivos como ma\u00edz, soja, arroz, trigo, cebada, girasol, alfalfa, ca\u00f1a de az\u00facar, algod\u00f3n, tabaco, etc.<\/p>\n","protected":false},"author":1,"featured_media":0,"parent":0,"menu_order":0,"comment_status":"closed","ping_status":"closed","template":"","meta":{"om_disable_all_campaigns":false,"footnotes":""},"class_list":["post-15378","page","type-page","status-publish","hentry"],"aioseo_notices":[],"_links":{"self":[{"href":"https:\/\/cropaia.com\/es\/wp-json\/wp\/v2\/pages\/15378","targetHints":{"allow":["GET"]}}],"collection":[{"href":"https:\/\/cropaia.com\/es\/wp-json\/wp\/v2\/pages"}],"about":[{"href":"https:\/\/cropaia.com\/es\/wp-json\/wp\/v2\/types\/page"}],"author":[{"embeddable":true,"href":"https:\/\/cropaia.com\/es\/wp-json\/wp\/v2\/users\/1"}],"replies":[{"embeddable":true,"href":"https:\/\/cropaia.com\/es\/wp-json\/wp\/v2\/comments?post=15378"}],"version-history":[{"count":0,"href":"https:\/\/cropaia.com\/es\/wp-json\/wp\/v2\/pages\/15378\/revisions"}],"wp:attachment":[{"href":"https:\/\/cropaia.com\/es\/wp-json\/wp\/v2\/media?parent=15378"}],"curies":[{"name":"wp","href":"https:\/\/api.w.org\/{rel}","templated":true}]}}