{"id":15354,"date":"2023-09-28T13:16:07","date_gmt":"2023-09-28T10:16:07","guid":{"rendered":"https:\/\/cropaia.com\/?page_id=15354"},"modified":"2024-08-09T21:56:35","modified_gmt":"2024-08-09T18:56:35","slug":"yieldsapp","status":"publish","type":"page","link":"https:\/\/cropaia.com\/es\/yieldsapp\/","title":{"rendered":"Inteligencia en la Gesti\u00f3n Agr\u00edcola"},"content":{"rendered":"<p><strong style=\"color: #000000;\">\u00a0<\/strong><\/p>\n<h3 style=\"text-align: center;\">Demostraci\u00f3n de yieldsApp<\/h3>\n<h2 style=\"text-align: justify;\"><span style=\"color: #000000;\"><\/p>\n<iframe loading=\"lazy\" src=\"\/\/www.youtube.com\/embed\/mdAoFp8xREU?wmode=transparent\" width=\"620\" height=\"348\" ><\/iframe>\n<p><\/span><\/h2>\n<p>&nbsp;<\/p>\n<p style=\"text-align: center;\">\n<a class=\"greennature-button medium with-border\" href=\"https:\/\/cropaia.com\/es\/yieldsapp-suscripciones\" target=\"_self\"  style=\"color:#000000; background-color:#47C4AB; border-color:#999999; \"  ><strong>Suscrib\u00edrse ahora<\/strong><\/a>\n<a class=\"greennature-button medium with-border\" href=\"https:\/\/cropaia.com\/es\/solicitar-demostracion\/\" target=\"_self\"  style=\"color:#ffffff; background-color:#000000; border-color:#999999; \"  >Solicitar Demostraci\u00f3n<\/a>\n<\/p>\n<p>&nbsp;<\/p>\n<p>&nbsp;<\/p>\n<h2><span style=\"color: #47c4ab;\"><strong>CARACTER\u00cdSTICAS<\/strong><\/span><\/h2>\n<h6><span style=\"color: #000000;\"><strong>\u2705 Manejo de plagas y enfermedades:<\/strong><\/span><\/h6>\n<p><span style=\"color: #000000;\">yieldsApp incluye un robusto m\u00f3dulo de gesti\u00f3n de plagas y enfermedades, que ofrece alertas en tiempo real y recomendaciones de tratamiento. Predice, detecta y diagnostica posibles riesgos, ayudando a los agricultores a proteger proactivamente sus cultivos.<\/span><\/p>\n<h6><span style=\"color: #000000;\"><strong>\u2705 Dise\u00f1o de Programas de <\/strong><strong>fertilizaci\u00f3n <\/strong><strong>:<\/strong><\/span><\/h6>\n<p><span style=\"color: #000000;\"><u>Campo abierto:<\/u> yieldsApp dise\u00f1a programas de fertilizaci\u00f3n para cultivos en campo abierto, optimizando la aplicaci\u00f3n de nutrientes en funci\u00f3n del an\u00e1lisis del suelo, el tipo de cultivo y el clima.<\/span><\/p>\n<p><span style=\"color: #000000;\"><u>Fertirriego<\/u><u>:<\/u> Para fincas que utilizan sistemas de fertirriego, yieldsApp dise\u00f1a recomendaciones precisas para soluciones nutritivas y tasas de inyecci\u00f3n, asegurando una utilizaci\u00f3n eficiente de nutrientes.<\/span><\/p>\n<p><span style=\"color: #000000;\"><u>Hidropon\u00eda:<\/u> Los productores hidrop\u00f3nicos se benefician de recomendaciones nutricionales para m\u00e9todos de cultivo sin suelo, maximizando los rendimientos de sus cultivos.<\/span><\/p>\n<h6><span style=\"color: #000000;\"><strong>\u2705 Registros de <\/strong><strong>monitoreo<\/strong><strong>:<\/strong><\/span><\/h6>\n<p><span style=\"color: #000000;\">yieldsApp te permite registrar y rastrear las observaciones de monitoreo de campo. El programa permite a los usuarios documentar avistamientos de plagas y enfermedades, evaluaciones de etapas de crecimiento y otros datos cr\u00edticos, ayudando en la toma de decisiones.<\/span><\/p>\n<h6><span style=\"color: #000000;\"><strong>\u2705 Interpretaci\u00f3n de suelo, agua y tejido vegetal:<\/strong><\/span><\/h6>\n<p><span style=\"color: #000000;\">yieldsApp incorpora herramientas exclusivas para analizar los resultados de los an\u00e1lisis de suelo, agua y foliares, lo que facilita a los usuarios evaluar la salud del suelo, las carencias de nutrientes, la calidad del agua y la absorci\u00f3n de nutrientes.<\/span><\/p>\n<h6><span style=\"color: #000000;\"><strong>\u2705 \u00cdndices satelitales y teledetecci\u00f3n:<\/strong><\/span><\/h6>\n<p><span style=\"color: #000000;\">La plataforma aprovecha las im\u00e1genes satelitales y los datos de teledetecci\u00f3n para monitorear la salud y el crecimiento de los cultivos. Proporciona mapas con \u00edndices de vegetaci\u00f3n (NDVI, SAVI, MSAVI, reNDVIA, MTCI y m\u00e1s) que proporcionan informaci\u00f3n valiosa sobre la salud de la vegetaci\u00f3n, lo que permite intervenciones oportunas.<\/span><\/p>\n<h6><span style=\"color: #000000;\"><strong>\u2705 Certificaciones y cumplimiento:<\/strong><\/span><\/h6>\n<p><span style=\"color: #000000;\">yieldsApp respalda el cumplimiento de los est\u00e1ndares y certificaciones de la industria, asegurando que los agricultores y los agronegocios puedan cumplir con los requisitos reglamentarios y los criterios de sostenibilidad.<\/span><\/p>\n<h6><span style=\"color: #000000;\"><strong>\u2705 Integraci\u00f3n de datos meteorol\u00f3gicos: Informaci\u00f3n meteorol\u00f3gica en tiempo real:<\/strong><\/span><\/h6>\n<p><span style=\"color: #000000;\">yieldsApp integra datos meteorol\u00f3gicos en tiempo real para proporcionar a los usuarios informaci\u00f3n actualizada al minuto sobre temperatura, precipitaci\u00f3n, humedad, velocidad del viento y otros par\u00e1metros meteorol\u00f3gicos cr\u00edticos.<\/span><\/p>\n<p><span style=\"color: #000000;\"><u>An\u00e1lisis clim\u00e1tico:<\/u> La plataforma utiliza datos meteorol\u00f3gicos hist\u00f3ricos para realizar an\u00e1lisis clim\u00e1ticos, ayudando a los usuarios a tomar decisiones informadas basadas en tendencias y patrones clim\u00e1ticos a largo plazo.<\/span><\/p>\n<p><span style=\"color: #000000;\"><span style=\"text-decoration: underline;\">Recomendaciones basadas en el tiempo:<\/span> yieldsApp utiliza pron\u00f3sticos meteorol\u00f3gicos y datos hist\u00f3ricos de patrones clim\u00e1ticos para generar recomendaciones basadas en el tiempo para la gesti\u00f3n de cultivos, la programaci\u00f3n de riego y las alertas de plagas y enfermedades<u>.<\/u><\/span><\/p>\n<p><span style=\"color: #000000;\"><strong>\u00a0<\/strong><\/span><\/p>\n<h2><span style=\"color: #47c4ab;\"><strong>COMIENCE CON yieldsApp<\/strong><\/span><\/h2>\n<p><span style=\"color: #000000;\">\u00danete a la revoluci\u00f3n agr\u00edcola hoy. <span style=\"color: #0000ff;\"><a style=\"color: #0000ff;\" href=\"https:\/\/cropaia.com\/es\/prueba-gratuita-yieldsapp\/\">Reg\u00edstrate para una prueba gratuita<\/a> <\/span>o <a href=\"https:\/\/yieldsapp\/contact-us\">cont\u00e1ctanos<\/a> para obtener m\u00e1s informaci\u00f3n sobre c\u00f3mo yieldsApp puede optimizar tus pr\u00e1cticas agr\u00edcolas.<\/span><\/p>\n<h2><\/h2>\n<p style=\"text-align: center;\">\n<a class=\"greennature-button medium with-border\" href=\"https:\/\/cropaia.com\/es\/yieldsapp-suscripciones\" target=\"_self\"  style=\"color:#000000; background-color:#47C4AB; border-color:#999999; \"  ><strong>Suscrib\u00edrse ahora<\/strong><\/a>\n<p><!--\n\n[gdlr_button href=\"https:\/\/cropaia.com\/es\/prueba-gratuita-yieldsapp\/\" target=\"_self\" size=\"medium\" background=\"#000000\" color=\"#ffffff\" border_color=\"#999999\"]Pruebalo Gratis[\/gdlr_button]\n\n--><\/p>\n<p>&nbsp;<\/p>\n<h2><span style=\"color: #47c4ab;\"><strong>TESTIMONIOS<\/strong><\/span><\/h2>\n<p><span style=\"color: #000000;\"><em>\u00abCon yieldsApp, he logrado maximizar la producci\u00f3n de ma\u00edz en mi finca. Las recomendaciones precisas para la fertilizaci\u00f3n y el manejo de plagas han sido fundamentales. \u00a1Gracias a esta plataforma, he obtenido m\u00e1s ma\u00edz y de mejor calidad que nunca, con un incremento del rendimiento del 25%.\u00bb<\/em> \u2013 <strong>Juan Carlos R.<\/strong><strong>, productor de ma\u00edz, <\/strong><strong>M\u00e9xico<\/strong><\/span><\/p>\n<p><span style=\"color: #000000;\"><em><a style=\"color: #000000;\" href=\"https:\/\/cropaia.com\/wp-content\/uploads\/Stars-e1659355439701.png\"><img loading=\"lazy\" decoding=\"async\" class=\"alignnone size-full wp-image-14076\" src=\"https:\/\/cropaia.com\/wp-content\/uploads\/Stars-e1659355439701.png\" alt=\"\" width=\"119\" height=\"26\" \/><\/a><\/em><\/span><\/p>\n<p><span style=\"color: #000000;\"><em>\u00abComo asesor agr\u00edcola, yieldsApp ha sido una herramienta esencial para brindar un servicio de calidad a mis clientes. Las recomendaciones precisas y la gesti\u00f3n de datos son insuperables. l<\/em><em>a<\/em><em> rapidez con la que <\/em><em>generar <\/em><em>y <\/em><em>las <\/em><em>recomendaciones es verdaderamente impresionante.\u00bb.<\/em> <strong>Ing.<\/strong> <strong>Luis Fernando S.,<\/strong> <strong>Espa\u00f1a.<\/strong><\/span><\/p>\n<p><span style=\"color: #000000;\"><em><a style=\"color: #000000;\" href=\"https:\/\/cropaia.com\/wp-content\/uploads\/Stars-e1659355439701.png\"><img loading=\"lazy\" decoding=\"async\" class=\"alignnone size-full wp-image-14076\" src=\"https:\/\/cropaia.com\/wp-content\/uploads\/Stars-e1659355439701.png\" alt=\"\" width=\"119\" height=\"26\" \/><\/a><\/em><\/span><\/p>\n<p><span style=\"color: #000000;\"><em>\u00ab<\/em> <em>El cultivo de aguacate es un desaf\u00edo, pero con <\/em><em>esta plataforma de inteligencia artificial<\/em><em>, he mejorado la salud de mis \u00e1rboles y la calidad de mis frutos.<\/em> <em>En el primer a\u00f1o de uso, he<\/em><em>mos <\/em><em>experimentado un notable aumento del 15% en <\/em><em>la<\/em><em> producci\u00f3n, al mismo tiempo que hemos reducido significativamente el uso de fertilizantes y pesticidas.\u00bb \u2013<\/em><strong><em>Jorge Luis\u00a0 M., Productor de aguacate, Per\u00fa.<\/em><\/strong><\/span><\/p>\n<p><span style=\"color: #000000;\"><em><a style=\"color: #000000;\" href=\"https:\/\/cropaia.com\/wp-content\/uploads\/Stars-e1659355439701.png\"><img loading=\"lazy\" decoding=\"async\" class=\"alignnone size-full wp-image-14076\" src=\"https:\/\/cropaia.com\/wp-content\/uploads\/Stars-e1659355439701.png\" alt=\"\" width=\"119\" height=\"26\" \/><\/a><\/em><\/span><\/p>\n<p><span style=\"color: #000000;\">\u00ab<em>Como distribuidor de <\/em><em>aroinsumos<\/em><em>, yieldsApp ha transformado mi negocio. La gesti\u00f3n eficiente de nutrientes y la recomendaci\u00f3n precisa de productos han incrementado la satisfacci\u00f3n de mis clientes. <\/em><strong><em>Marcela G.<\/em><\/strong><strong><em>, <\/em><\/strong><strong><em>Asesor de cultivos y proveedor de agroinsumos, Chile<\/em><\/strong><\/span><\/p>\n<p><span style=\"color: #000000;\"><em><a style=\"color: #000000;\" href=\"https:\/\/cropaia.com\/wp-content\/uploads\/Stars-e1659355439701.png\"><img loading=\"lazy\" decoding=\"async\" class=\"alignnone size-full wp-image-14076\" src=\"https:\/\/cropaia.com\/wp-content\/uploads\/Stars-e1659355439701.png\" alt=\"\" width=\"119\" height=\"26\" \/><\/a><\/em><\/span><\/p>\n","protected":false},"excerpt":{"rendered":"<p>\u00a0 Demostraci\u00f3n de yieldsApp &nbsp; &nbsp; &nbsp; CARACTER\u00cdSTICAS \u2705 Manejo de plagas y enfermedades: yieldsApp incluye un robusto m\u00f3dulo de gesti\u00f3n de plagas y enfermedades, que ofrece alertas en tiempo real y recomendaciones de tratamiento. Predice, detecta y diagnostica posibles riesgos, ayudando a los agricultores a proteger proactivamente sus cultivos. \u2705 Dise\u00f1o de Programas de&#8230; <\/p>\n<div class=\"clear\"><\/div>\n<p><a href=\"https:\/\/cropaia.com\/es\/yieldsapp\/\" class=\"excerpt-read-more\">Leer m\u00e1s<\/a><\/p>\n","protected":false},"author":1,"featured_media":0,"parent":0,"menu_order":0,"comment_status":"closed","ping_status":"closed","template":"","meta":{"om_disable_all_campaigns":false,"footnotes":""},"class_list":["post-15354","page","type-page","status-publish","hentry"],"aioseo_notices":[],"_links":{"self":[{"href":"https:\/\/cropaia.com\/es\/wp-json\/wp\/v2\/pages\/15354","targetHints":{"allow":["GET"]}}],"collection":[{"href":"https:\/\/cropaia.com\/es\/wp-json\/wp\/v2\/pages"}],"about":[{"href":"https:\/\/cropaia.com\/es\/wp-json\/wp\/v2\/types\/page"}],"author":[{"embeddable":true,"href":"https:\/\/cropaia.com\/es\/wp-json\/wp\/v2\/users\/1"}],"replies":[{"embeddable":true,"href":"https:\/\/cropaia.com\/es\/wp-json\/wp\/v2\/comments?post=15354"}],"version-history":[{"count":0,"href":"https:\/\/cropaia.com\/es\/wp-json\/wp\/v2\/pages\/15354\/revisions"}],"wp:attachment":[{"href":"https:\/\/cropaia.com\/es\/wp-json\/wp\/v2\/media?parent=15354"}],"curies":[{"name":"wp","href":"https:\/\/api.w.org\/{rel}","templated":true}]}}