{"id":13903,"date":"2022-06-21T08:11:05","date_gmt":"2022-06-21T05:11:05","guid":{"rendered":"https:\/\/cropaia.com\/?page_id=13903"},"modified":"2022-06-21T09:54:39","modified_gmt":"2022-06-21T06:54:39","slug":"paquete-tecnico-gratuito","status":"publish","type":"page","link":"https:\/\/cropaia.com\/es\/paquete-tecnico-gratuito\/","title":{"rendered":"Paquete t\u00e9cnico gratuito"},"content":{"rendered":"<div class=\"greennature-shortcode-wrapper\"><div class=\"greennature-item-title-wrapper greennature-item  greennature-left-divider greennature-large \"><div class=\"greennature-item-title-container container\"><div class=\"greennature-item-title-head\"><h3 class=\"greennature-item-title greennature-skin-title greennature-skin-border\">Paquete t\u00e9cnico<\/h3><div class=\"greennature-item-title-caption greennature-skin-info\">Descarga gratuita<\/div><div class=\"clear\"><\/div><\/div><\/div><\/div><\/div>\n<p>Descarga el paquete t\u00e9cnico que cada agr\u00f3nomo y productor necesita.<\/p>\n<p><a href=\"https:\/\/cropaia.com\/wp-content\/uploads\/Paquete-tecnico-cover1.png\"><img loading=\"lazy\" decoding=\"async\" class=\"alignnone wp-image-13909 size-full\" src=\"https:\/\/cropaia.com\/wp-content\/uploads\/Paquete-tecnico-cover1.png\" alt=\"\" width=\"400\" height=\"366\" srcset=\"https:\/\/cropaia.com\/wp-content\/uploads\/Paquete-tecnico-cover1.png 400w, https:\/\/cropaia.com\/wp-content\/uploads\/Paquete-tecnico-cover1-300x275.png 300w\" sizes=\"auto, (max-width: 400px) 100vw, 400px\" \/><\/a><\/p>\n<p>\u00bfQue contiene?<\/p>\n<ol>\n<li>Tablas de conversi\u00f3n entre formas de nutrientes vegetales<\/li>\n<li>Tablas de conversi\u00f3n entre unidades de dosis de aplicaci\u00f3n<\/li>\n<li>Tablas de conversi\u00f3n entre unidades en los an\u00e1lisis de suelo y agua<\/li>\n<li>Interpretaci\u00f3n de an\u00e1lisis de suelo<\/li>\n<li>Par\u00e1metros de calidad del agua de riego<\/li>\n<\/ol>\n<p><a href=\"https:\/\/cropaia.com\/wp-content\/uploads\/Paquete-tecnico-inside-2.png\"><img loading=\"lazy\" decoding=\"async\" class=\"alignnone wp-image-13920 \" src=\"https:\/\/cropaia.com\/wp-content\/uploads\/Paquete-tecnico-inside-2.png\" alt=\"\" width=\"593\" height=\"414\" srcset=\"https:\/\/cropaia.com\/wp-content\/uploads\/Paquete-tecnico-inside-2.png 888w, https:\/\/cropaia.com\/wp-content\/uploads\/Paquete-tecnico-inside-2-300x209.png 300w, https:\/\/cropaia.com\/wp-content\/uploads\/Paquete-tecnico-inside-2-768x535.png 768w\" sizes=\"auto, (max-width: 593px) 100vw, 593px\" \/><\/a><\/p>\n<p>&nbsp;<\/p>\n<div class=\"greennature-shortcode-wrapper\"><div class=\"greennature-item-title-wrapper greennature-item  greennature-left-divider greennature-large \"><div class=\"greennature-item-title-container container\"><div class=\"greennature-item-title-head\"><h3 class=\"greennature-item-title greennature-skin-title greennature-skin-border\">Descargar gratuitamente<\/h3><div class=\"clear\"><\/div><\/div><\/div><\/div><\/div>\n<style id=\"wpforms-css-vars-13899\">\n\t\t\t\t#wpforms-13899 {\n\t\t\t\t\n\t\t\t}\n\t\t\t<\/style><div class=\"wpforms-container wpforms-container-full wpforms-render-modern\" id=\"wpforms-13899\"><form id=\"wpforms-form-13899\" class=\"wpforms-validate wpforms-form\" data-formid=\"13899\" method=\"post\" enctype=\"multipart\/form-data\" action=\"\/es\/wp-json\/wp\/v2\/pages\/13903\" data-token=\"8b754cbeb2b44c41b91a1baa6063f4a7\" data-token-time=\"1777610766\"><noscript class=\"wpforms-error-noscript\">Por favor, activa JavaScript en tu navegador para completar este formulario.<\/noscript><div id=\"wpforms-error-noscript\" style=\"display: none;\">Por favor, activa JavaScript en tu navegador para completar este formulario.<\/div><div class=\"wpforms-field-container\"><div id=\"wpforms-13899-field_1-container\" class=\"wpforms-field wpforms-field-name\" data-field-id=\"1\"><fieldset><legend class=\"wpforms-field-label\">Nombre <span class=\"wpforms-required-label\" aria-hidden=\"true\">*<\/span><\/legend><div class=\"wpforms-field-row wpforms-field-medium\"><div class=\"wpforms-field-row-block wpforms-first wpforms-one-half\"><input type=\"text\" id=\"wpforms-13899-field_1\" class=\"wpforms-field-name-first wpforms-field-required\" name=\"wpforms[fields][1][first]\" placeholder=\"Nombre\" aria-errormessage=\"wpforms-13899-field_1-error\" required><label for=\"wpforms-13899-field_1\" class=\"wpforms-field-sublabel after wpforms-sublabel-hide\">Nombre<\/label><\/div><div class=\"wpforms-field-row-block wpforms-one-half\"><input type=\"text\" id=\"wpforms-13899-field_1-last\" class=\"wpforms-field-name-last wpforms-field-required\" name=\"wpforms[fields][1][last]\" placeholder=\"Apellido\" aria-errormessage=\"wpforms-13899-field_1-last-error\" required><label for=\"wpforms-13899-field_1-last\" class=\"wpforms-field-sublabel after wpforms-sublabel-hide\">Apellidos<\/label><\/div><\/div><\/fieldset><\/div><div id=\"wpforms-13899-field_2-container\" class=\"wpforms-field wpforms-field-email\" data-field-id=\"2\"><label class=\"wpforms-field-label\" for=\"wpforms-13899-field_2\">Correo-e <span class=\"wpforms-required-label\" aria-hidden=\"true\">*<\/span><\/label><input type=\"email\" id=\"wpforms-13899-field_2\" class=\"wpforms-field-medium wpforms-field-required\" name=\"wpforms[fields][2]\" spellcheck=\"false\" aria-errormessage=\"wpforms-13899-field_2-error\" required><\/div><div id=\"wpforms-13899-field_3-container\" class=\"wpforms-field wpforms-field-select wpforms-field-select-style-classic\" data-field-id=\"3\"><label class=\"wpforms-field-label\" for=\"wpforms-13899-field_3\">Pa\u00eds <span class=\"wpforms-required-label\" aria-hidden=\"true\">*<\/span><\/label><select id=\"wpforms-13899-field_3\" class=\"wpforms-field-small wpforms-field-required\" name=\"wpforms[fields][3]\" required=\"required\"><option value=\"Opci\u00f3n 3\"  class=\"choice-3 depth-1\"  >Opci\u00f3n 3<\/option><option value=\"Argentina\"  class=\"choice-14 depth-1\"  >Argentina<\/option><option value=\"Aruba\"  class=\"choice-16 depth-1\"  >Aruba<\/option><option value=\"Bolivia\"  class=\"choice-31 depth-1\"  >Bolivia<\/option><option value=\"Brazil\"  class=\"choice-35 depth-1\"  >Brazil<\/option><option value=\"Chile\"  class=\"choice-52 depth-1\"  >Chile<\/option><option value=\"Colombia\"  class=\"choice-57 depth-1\"  >Colombia<\/option><option value=\"Costa Rica\"  class=\"choice-62 depth-1\"  >Costa Rica<\/option><option value=\"Cuba\"  class=\"choice-65 depth-1\"  >Cuba<\/option><option value=\"Ecuador\"  class=\"choice-74 depth-1\"  >Ecuador<\/option><option value=\"El Salvador\"  class=\"choice-76 depth-1\"  >El Salvador<\/option><option value=\"Espa\u00f1a\"  class=\"choice-217 depth-1\"  >Espa\u00f1a<\/option><option value=\"Guatemala\"  class=\"choice-100 depth-1\"  >Guatemala<\/option><option value=\"Honduras\"  class=\"choice-107 depth-1\"  >Honduras<\/option><option value=\"M\u00e9xico\"  class=\"choice-151 depth-1\"  >M\u00e9xico<\/option><option value=\"Nicaragua\"  class=\"choice-167 depth-1\"  >Nicaragua<\/option><option value=\"Panam\u00e1\"  class=\"choice-179 depth-1\"  >Panam\u00e1<\/option><option value=\"Paraguay\"  class=\"choice-181 depth-1\"  >Paraguay<\/option><option value=\"Per\u00fa\"  class=\"choice-182 depth-1\"  >Per\u00fa<\/option><option value=\"Portugal\"  class=\"choice-186 depth-1\"  >Portugal<\/option><option value=\"Puerto Rico\"  class=\"choice-187 depth-1\"  >Puerto Rico<\/option><option value=\"Rep\u00fablica Dominicana\"  class=\"choice-73 depth-1\"  >Rep\u00fablica Dominicana<\/option><option value=\"United States\"  class=\"choice-248 depth-1\"  >United States<\/option><option value=\"Uruguay\"  class=\"choice-249 depth-1\"  >Uruguay<\/option><option value=\"Venezuela\"  class=\"choice-253 depth-1\"  >Venezuela<\/option><\/select><\/div><div id=\"wpforms-13899-field_5-container\" class=\"wpforms-field wpforms-field-select wpforms-field-select-style-classic\" data-field-id=\"5\"><label class=\"wpforms-field-label\" for=\"wpforms-13899-field_5\">Ocupaci\u00f3n <span class=\"wpforms-required-label\" aria-hidden=\"true\">*<\/span><\/label><select id=\"wpforms-13899-field_5\" class=\"wpforms-field-small wpforms-field-required\" name=\"wpforms[fields][5]\" required=\"required\"><option value=\"Productor\"  class=\"choice-1 depth-1\"  >Productor<\/option><option value=\"Agr\u00f3nomo\"  class=\"choice-2 depth-1\"  >Agr\u00f3nomo<\/option><option value=\"Estudiante\"  class=\"choice-3 depth-1\"  >Estudiante<\/option><option value=\"Otro\"  class=\"choice-4 depth-1\"  >Otro<\/option><\/select><\/div><\/div><!-- .wpforms-field-container --><div class=\"wpforms-field wpforms-field-hp\"><label for=\"wpforms-13899-field-hp\" class=\"wpforms-field-label\">Website<\/label><input type=\"text\" name=\"wpforms[hp]\" id=\"wpforms-13899-field-hp\" class=\"wpforms-field-medium\"><\/div><div class=\"wpforms-submit-container\" ><input type=\"hidden\" name=\"wpforms[id]\" value=\"13899\"><input type=\"hidden\" name=\"page_title\" value=\"\"><input type=\"hidden\" name=\"page_url\" value=\"https:\/\/cropaia.com\/es\/wp-json\/wp\/v2\/pages\/13903\"><input type=\"hidden\" name=\"url_referer\" value=\"\"><button type=\"submit\" name=\"wpforms[submit]\" id=\"wpforms-submit-13899\" class=\"wpforms-submit action-ads-button_large_greennature-button\" data-alt-text=\"Enviando...\" data-submit-text=\"Descargar\" aria-live=\"assertive\" value=\"wpforms-submit\">Descargar<\/button><\/div><\/form><\/div>  <!-- .wpforms-container -->\n","protected":false},"excerpt":{"rendered":"<p>Descarga el paquete t\u00e9cnico que cada agr\u00f3nomo y productor necesita. \u00bfQue contiene? Tablas de conversi\u00f3n entre formas de nutrientes vegetales Tablas de conversi\u00f3n entre unidades de dosis de aplicaci\u00f3n Tablas de conversi\u00f3n entre unidades en los an\u00e1lisis de suelo y agua Interpretaci\u00f3n de an\u00e1lisis de suelo Par\u00e1metros de calidad del agua de riego &nbsp;<\/p>\n","protected":false},"author":1,"featured_media":13920,"parent":0,"menu_order":0,"comment_status":"closed","ping_status":"closed","template":"","meta":{"om_disable_all_campaigns":false,"footnotes":""},"class_list":["post-13903","page","type-page","status-publish","has-post-thumbnail","hentry","page_category-productos"],"aioseo_notices":[],"_links":{"self":[{"href":"https:\/\/cropaia.com\/es\/wp-json\/wp\/v2\/pages\/13903","targetHints":{"allow":["GET"]}}],"collection":[{"href":"https:\/\/cropaia.com\/es\/wp-json\/wp\/v2\/pages"}],"about":[{"href":"https:\/\/cropaia.com\/es\/wp-json\/wp\/v2\/types\/page"}],"author":[{"embeddable":true,"href":"https:\/\/cropaia.com\/es\/wp-json\/wp\/v2\/users\/1"}],"replies":[{"embeddable":true,"href":"https:\/\/cropaia.com\/es\/wp-json\/wp\/v2\/comments?post=13903"}],"version-history":[{"count":0,"href":"https:\/\/cropaia.com\/es\/wp-json\/wp\/v2\/pages\/13903\/revisions"}],"wp:featuredmedia":[{"embeddable":true,"href":"https:\/\/cropaia.com\/es\/wp-json\/wp\/v2\/media\/13920"}],"wp:attachment":[{"href":"https:\/\/cropaia.com\/es\/wp-json\/wp\/v2\/media?parent=13903"}],"curies":[{"name":"wp","href":"https:\/\/api.w.org\/{rel}","templated":true}]}}