{"id":11984,"date":"2020-04-17T16:26:25","date_gmt":"2020-04-17T13:26:25","guid":{"rendered":"https:\/\/cropaia.com\/?page_id=11984"},"modified":"2020-04-17T16:26:25","modified_gmt":"2020-04-17T13:26:25","slug":"politica-de-reembolso","status":"publish","type":"page","link":"https:\/\/cropaia.com\/es\/politica-de-reembolso\/","title":{"rendered":"Pol\u00edtica de reembolso"},"content":{"rendered":"<p>&nbsp;<\/p>\n<table class=\"style-1\">\n<tbody>\n<tr>\n<th>Motivo<\/th>\n<th>T\u00e9rmino m\u00e1ximo para ejercer el derecho de reembolso<\/th>\n<\/tr>\n<tr>\n<td><span lang=\"es\">Producto no recibido<\/span><\/td>\n<td><span lang=\"es\">5 d\u00edas h\u00e1biles despu\u00e9s de la fecha de entrega estimada<\/span><\/td>\n<\/tr>\n<tr>\n<td><span lang=\"es\">Producto defectuoso<\/span><\/td>\n<td><span lang=\"es\">5 d\u00edas h\u00e1biles despu\u00e9s de recepci\u00f3n del producto<\/span><\/td>\n<\/tr>\n<tr>\n<td><span lang=\"es\">Producto es diferente al anunciado<\/span><\/td>\n<td><span lang=\"es\">5 d\u00edas h\u00e1biles despu\u00e9s de la recepci\u00f3n del producto<\/span><\/td>\n<\/tr>\n<tr>\n<td><span lang=\"es\">Transacci\u00f3n fraudulenta o no autorizada<\/span><\/td>\n<td><span lang=\"es\">5 d\u00edas despu\u00e9s de la notificaci\u00f3n del cargo<\/span><\/td>\n<\/tr>\n<tr>\n<td><span lang=\"es\">El importe cobrado al cliente no es lo mismo que aparece en el sitio<\/span><\/td>\n<td><span lang=\"es\">5 d\u00edas despu\u00e9s de la notificaci\u00f3n del cargo<\/span><\/td>\n<\/tr>\n<tr>\n<td><span lang=\"es\">Cargos duplicados<\/span><\/td>\n<td><span lang=\"es\">5 d\u00edas despu\u00e9s de la notificaci\u00f3n del cargo<\/span><\/td>\n<\/tr>\n<\/tbody>\n<\/table>\n<p>&nbsp;<\/p>\n<p>Si el cliente ha comprado dos o m\u00e1s productos, puede solicitar un reembolso parcial, solicitando claramente el monto a reembolsar.<\/p>\n","protected":false},"excerpt":{"rendered":"<p>&nbsp; Motivo T\u00e9rmino m\u00e1ximo para ejercer el derecho de reembolso Producto no recibido 5 d\u00edas h\u00e1biles despu\u00e9s de la fecha de entrega estimada Producto defectuoso 5 d\u00edas h\u00e1biles despu\u00e9s de recepci\u00f3n del producto Producto es diferente al anunciado 5 d\u00edas h\u00e1biles despu\u00e9s de la recepci\u00f3n del producto Transacci\u00f3n fraudulenta o no autorizada 5 d\u00edas despu\u00e9s&#8230; <\/p>\n<div class=\"clear\"><\/div>\n<p><a href=\"https:\/\/cropaia.com\/es\/politica-de-reembolso\/\" class=\"excerpt-read-more\">Leer m\u00e1s<\/a><\/p>\n","protected":false},"author":1,"featured_media":0,"parent":0,"menu_order":0,"comment_status":"closed","ping_status":"closed","template":"","meta":{"om_disable_all_campaigns":false,"footnotes":""},"class_list":["post-11984","page","type-page","status-publish","hentry"],"aioseo_notices":[],"_links":{"self":[{"href":"https:\/\/cropaia.com\/es\/wp-json\/wp\/v2\/pages\/11984","targetHints":{"allow":["GET"]}}],"collection":[{"href":"https:\/\/cropaia.com\/es\/wp-json\/wp\/v2\/pages"}],"about":[{"href":"https:\/\/cropaia.com\/es\/wp-json\/wp\/v2\/types\/page"}],"author":[{"embeddable":true,"href":"https:\/\/cropaia.com\/es\/wp-json\/wp\/v2\/users\/1"}],"replies":[{"embeddable":true,"href":"https:\/\/cropaia.com\/es\/wp-json\/wp\/v2\/comments?post=11984"}],"version-history":[{"count":0,"href":"https:\/\/cropaia.com\/es\/wp-json\/wp\/v2\/pages\/11984\/revisions"}],"wp:attachment":[{"href":"https:\/\/cropaia.com\/es\/wp-json\/wp\/v2\/media?parent=11984"}],"curies":[{"name":"wp","href":"https:\/\/api.w.org\/{rel}","templated":true}]}}