{"id":11733,"date":"2020-02-21T14:18:32","date_gmt":"2020-02-21T11:18:32","guid":{"rendered":"https:\/\/cropaia.com\/?page_id=11733"},"modified":"2021-10-27T22:48:23","modified_gmt":"2021-10-27T19:48:23","slug":"metodos-de-pago","status":"publish","type":"page","link":"https:\/\/cropaia.com\/es\/metodos-de-pago\/","title":{"rendered":"M\u00e9todos de pago"},"content":{"rendered":"<p><a href=\"#WU\"><span style=\"color: #ff6600;\"><em>Nuevo!!<\/em><\/span> M\u00e9todos de pago locales<\/a> en M\u00e9xico, Ecuador, Colombia, Bolivia, Per\u00fa, Chile, Argentina y Brazil<\/p>\n<p>&nbsp;<\/p>\n<div class=\"greennature-shortcode-wrapper\"><div class=\"greennature-item-title-wrapper greennature-item  greennature-left-divider greennature-large \"><div class=\"greennature-item-title-container container\"><div class=\"greennature-item-title-head\"><h3 class=\"greennature-item-title greennature-skin-title greennature-skin-border\">M\u00e9todos de pago locales<\/h3><div class=\"clear\"><\/div><\/div><\/div><\/div><\/div>\n<p>Ahora aceptamos varios m\u00e9todos de pago locales en su pa\u00eds.<\/p>\n<p><a href=\"https:\/\/pay.hotmart.com\/J60199573H\" target=\"_blank\" rel=\"noopener\"><img loading=\"lazy\" decoding=\"async\" class=\"wp-image-13306 alignleft\" src=\"https:\/\/cropaia.com\/wp-content\/uploads\/Opciones-de-pago-LATAM.jpg\" alt=\"\" width=\"556\" height=\"72\" srcset=\"https:\/\/cropaia.com\/wp-content\/uploads\/Opciones-de-pago-LATAM.jpg 795w, https:\/\/cropaia.com\/wp-content\/uploads\/Opciones-de-pago-LATAM-300x39.jpg 300w, https:\/\/cropaia.com\/wp-content\/uploads\/Opciones-de-pago-LATAM-768x100.jpg 768w\" sizes=\"auto, (max-width: 556px) 100vw, 556px\" \/><\/a><\/p>\n<p>&nbsp;<\/p>\n<p>&nbsp;<\/p>\n<p>&nbsp;<\/p>\n<a class=\"greennature-button medium\" href=\"https:\/\/pay.hotmart.com\/J60199573H\" target=\"_blank\"  style=\"color:#ffffff; background-color:#5dc269; \"  >Haga clic aqu\u00ed para adquirir con m\u00e9todos de pago locales en su pa\u00eds<\/a>\n<p>&nbsp;<\/p>\n<div class=\"greennature-shortcode-wrapper\"><div class=\"greennature-item-title-wrapper greennature-item  greennature-left-divider greennature-large \"><div class=\"greennature-item-title-container container\"><div class=\"greennature-item-title-head\"><h3 class=\"greennature-item-title greennature-skin-title greennature-skin-border\">Tarjeta de cr\u00e9dito o Paypal<\/h3><div class=\"clear\"><\/div><\/div><\/div><\/div><\/div>\n<ul>\n<li>Haga clic en \u00abAdquirir ahora\u00bb en la p\u00e1gina del producto<\/li>\n<li>Seleccione la moneda<\/li>\n<li>Seleccione Tarjeta de cr\u00e9dito o Paypal<\/li>\n<li>Ingrese sus datos<\/li>\n<\/ul>\n<p>&nbsp;<\/p>\n<p><span style=\"text-decoration: underline;\"><\/p>\n<div class=\"greennature-shortcode-wrapper\"><div class=\"greennature-item-title-wrapper greennature-item  greennature-left-divider greennature-large \"><div class=\"greennature-item-title-container container\"><div class=\"greennature-item-title-head\"><h3 class=\"greennature-item-title greennature-skin-title greennature-skin-border\">Pago por Western Union \/ MoneyGram \/ Transferencia bancaria<\/h3><div class=\"clear\"><\/div><\/div><\/div><\/div><\/div>\n<p><\/span><\/p>\n<p>Para enviar el pago por WesternUnion\/MoneyGram\/Transferencia bancaria, por favor cont\u00e1ctenos.<\/p>\n<p>Por favor indica su pa\u00eds.<\/p>\n<style id=\"wpforms-css-vars-11901\">\n\t\t\t\t#wpforms-11901 {\n\t\t\t\t\n\t\t\t}\n\t\t\t<\/style><div class=\"wpforms-container wpforms-container-full wpforms-render-modern\" id=\"wpforms-11901\"><form id=\"wpforms-form-11901\" class=\"wpforms-validate wpforms-form\" data-formid=\"11901\" method=\"post\" enctype=\"multipart\/form-data\" action=\"\/es\/wp-json\/wp\/v2\/pages\/11733\" data-token=\"50ad8ae841f54b03c2792ffdc903fb4f\" data-token-time=\"1776517479\"><noscript class=\"wpforms-error-noscript\">Por favor, activa JavaScript en tu navegador para completar este formulario.<\/noscript><div id=\"wpforms-error-noscript\" style=\"display: none;\">Por favor, activa JavaScript en tu navegador para completar este formulario.<\/div><div class=\"wpforms-field-container\"><div id=\"wpforms-11901-field_0-container\" class=\"wpforms-field wpforms-field-name\" data-field-id=\"0\"><label class=\"wpforms-field-label\" for=\"wpforms-11901-field_0\">Nombre <span class=\"wpforms-required-label\" aria-hidden=\"true\">*<\/span><\/label><input type=\"text\" id=\"wpforms-11901-field_0\" class=\"wpforms-field-medium wpforms-field-required\" name=\"wpforms[fields][0]\" aria-errormessage=\"wpforms-11901-field_0-error\" required><\/div><div id=\"wpforms-11901-field_6-container\" class=\"wpforms-field wpforms-field-name\" data-field-id=\"6\"><label class=\"wpforms-field-label\" for=\"wpforms-11901-field_6\">Apellido <span class=\"wpforms-required-label\" aria-hidden=\"true\">*<\/span><\/label><input type=\"text\" id=\"wpforms-11901-field_6\" class=\"wpforms-field-medium wpforms-field-required\" name=\"wpforms[fields][6]\" aria-errormessage=\"wpforms-11901-field_6-error\" required><\/div><div id=\"wpforms-11901-field_2-container\" class=\"wpforms-field wpforms-field-email\" data-field-id=\"2\"><label class=\"wpforms-field-label\" for=\"wpforms-11901-field_2\">Correo-e <span class=\"wpforms-required-label\" aria-hidden=\"true\">*<\/span><\/label><input type=\"email\" id=\"wpforms-11901-field_2\" class=\"wpforms-field-medium wpforms-field-required\" name=\"wpforms[fields][2]\" spellcheck=\"false\" aria-errormessage=\"wpforms-11901-field_2-error\" required><\/div><div id=\"wpforms-11901-field_8-container\" class=\"wpforms-field wpforms-field-select\" data-field-id=\"8\"><label class=\"wpforms-field-label\" for=\"wpforms-11901-field_8\">Pa\u00eds <span class=\"wpforms-required-label\" aria-hidden=\"true\">*<\/span><\/label><select id=\"wpforms-11901-field_8\" class=\"wpforms-field-medium wpforms-field-required\" name=\"wpforms[fields][8]\" required=\"required\"><option value=\"Opci\u00f3n 1\"  class=\"choice-1 depth-1\"  >Opci\u00f3n 1<\/option><option value=\"Argentina\"  class=\"choice-4 depth-1\"  >Argentina<\/option><option value=\"Bolivia\"  class=\"choice-5 depth-1\"  >Bolivia<\/option><option value=\"Brazil\"  class=\"choice-6 depth-1\"  >Brazil<\/option><option value=\"Chile\"  class=\"choice-7 depth-1\"  >Chile<\/option><option value=\"China\"  class=\"choice-8 depth-1\"  >China<\/option><option value=\"Colombia\"  class=\"choice-9 depth-1\"  >Colombia<\/option><option value=\"Cuba\"  class=\"choice-10 depth-1\"  >Cuba<\/option><option value=\"Dominican Republic\"  class=\"choice-11 depth-1\"  >Dominican Republic<\/option><option value=\"Ecuador\"  class=\"choice-12 depth-1\"  >Ecuador<\/option><option value=\"Guatemala\"  class=\"choice-13 depth-1\"  >Guatemala<\/option><option value=\"Guernsey\"  class=\"choice-14 depth-1\"  >Guernsey<\/option><option value=\"Honduras\"  class=\"choice-15 depth-1\"  >Honduras<\/option><option value=\"Hong Kong\"  class=\"choice-16 depth-1\"  >Hong Kong<\/option><option value=\"M\u00e9xico\"  class=\"choice-17 depth-1\"  >M\u00e9xico<\/option><option value=\"Nicaragua\"  class=\"choice-18 depth-1\"  >Nicaragua<\/option><option value=\"Panama\"  class=\"choice-19 depth-1\"  >Panama<\/option><option value=\"Paraguay\"  class=\"choice-20 depth-1\"  >Paraguay<\/option><option value=\"Per\u00fa\"  class=\"choice-21 depth-1\"  >Per\u00fa<\/option><option value=\"Portugal\"  class=\"choice-22 depth-1\"  >Portugal<\/option><option value=\"Puerto Rico\"  class=\"choice-23 depth-1\"  >Puerto Rico<\/option><option value=\"Spain\"  class=\"choice-24 depth-1\"  >Spain<\/option><option value=\"Uruguay\"  class=\"choice-25 depth-1\"  >Uruguay<\/option><\/select><\/div><div id=\"wpforms-11901-field_3-container\" class=\"wpforms-field wpforms-field-phone\" data-field-id=\"3\"><label class=\"wpforms-field-label\" for=\"wpforms-11901-field_3\">Tel\u00e9fono<\/label><input type=\"tel\" id=\"wpforms-11901-field_3\" class=\"wpforms-field-medium\" data-rule-int-phone-field=\"true\" name=\"wpforms[fields][3]\" aria-label=\"Tel\u00e9fono\" aria-errormessage=\"wpforms-11901-field_3-error\" ><\/div><div id=\"wpforms-11901-field_10-container\" class=\"wpforms-field wpforms-field-select\" data-field-id=\"10\"><label class=\"wpforms-field-label\" for=\"wpforms-11901-field_10\">Producto<\/label><select id=\"wpforms-11901-field_10\" class=\"wpforms-field-medium\" name=\"wpforms[fields][10]\"><option value=\"Opci\u00f3n 1\"  class=\"choice-1 depth-1\"  >Opci\u00f3n 1<\/option><option value=\"libro de fertilizaci\u00f3n y riego\"  class=\"choice-2 depth-1\"  >libro de fertilizaci\u00f3n y riego<\/option><option value=\"curso de fertilizaci\u00f3n y riego\"  class=\"choice-3 depth-1\"  >curso de fertilizaci\u00f3n y riego<\/option><option value=\"curso de plagas y enfermedades\"  class=\"choice-4 depth-1\"  >curso de plagas y enfermedades<\/option><option value=\"curso de tratamiento de aguas\"  class=\"choice-5 depth-1\"  >curso de tratamiento de aguas<\/option><\/select><\/div><div id=\"wpforms-11901-field_4-container\" class=\"wpforms-field wpforms-field-textarea\" data-field-id=\"4\"><label class=\"wpforms-field-label\" for=\"wpforms-11901-field_4\">Comentarios y m\u00e9todo de pago preferible<\/label><textarea id=\"wpforms-11901-field_4\" class=\"wpforms-field-medium\" name=\"wpforms[fields][4]\" aria-errormessage=\"wpforms-11901-field_4-error\" ><\/textarea><\/div><\/div><!-- .wpforms-field-container --><div class=\"wpforms-submit-container\" ><input type=\"hidden\" name=\"wpforms[id]\" value=\"11901\"><input type=\"hidden\" name=\"page_title\" value=\"\"><input type=\"hidden\" name=\"page_url\" value=\"https:\/\/cropaia.com\/es\/wp-json\/wp\/v2\/pages\/11733\"><input type=\"hidden\" name=\"url_referer\" value=\"\"><button type=\"submit\" name=\"wpforms[submit]\" id=\"wpforms-submit-11901\" class=\"wpforms-submit\" aria-live=\"assertive\" value=\"wpforms-submit\">Enviar<\/button><\/div><\/form><\/div>  <!-- .wpforms-container -->\n","protected":false},"excerpt":{"rendered":"<p>Nuevo!! M\u00e9todos de pago locales en M\u00e9xico, Ecuador, Colombia, Bolivia, Per\u00fa, Chile, Argentina y Brazil &nbsp; Ahora aceptamos varios m\u00e9todos de pago locales en su pa\u00eds. &nbsp; &nbsp; &nbsp; &nbsp; Haga clic en \u00abAdquirir ahora\u00bb en la p\u00e1gina del producto Seleccione la moneda Seleccione Tarjeta de cr\u00e9dito o Paypal Ingrese sus datos &nbsp; Para enviar&#8230; <\/p>\n<div class=\"clear\"><\/div>\n<p><a href=\"https:\/\/cropaia.com\/es\/metodos-de-pago\/\" class=\"excerpt-read-more\">Leer m\u00e1s<\/a><\/p>\n","protected":false},"author":1,"featured_media":0,"parent":0,"menu_order":0,"comment_status":"closed","ping_status":"closed","template":"","meta":{"om_disable_all_campaigns":false,"footnotes":""},"class_list":["post-11733","page","type-page","status-publish","hentry"],"aioseo_notices":[],"_links":{"self":[{"href":"https:\/\/cropaia.com\/es\/wp-json\/wp\/v2\/pages\/11733","targetHints":{"allow":["GET"]}}],"collection":[{"href":"https:\/\/cropaia.com\/es\/wp-json\/wp\/v2\/pages"}],"about":[{"href":"https:\/\/cropaia.com\/es\/wp-json\/wp\/v2\/types\/page"}],"author":[{"embeddable":true,"href":"https:\/\/cropaia.com\/es\/wp-json\/wp\/v2\/users\/1"}],"replies":[{"embeddable":true,"href":"https:\/\/cropaia.com\/es\/wp-json\/wp\/v2\/comments?post=11733"}],"version-history":[{"count":0,"href":"https:\/\/cropaia.com\/es\/wp-json\/wp\/v2\/pages\/11733\/revisions"}],"wp:attachment":[{"href":"https:\/\/cropaia.com\/es\/wp-json\/wp\/v2\/media?parent=11733"}],"curies":[{"name":"wp","href":"https:\/\/api.w.org\/{rel}","templated":true}]}}