{"id":11455,"date":"2019-10-13T08:48:14","date_gmt":"2019-10-13T05:48:14","guid":{"rendered":"https:\/\/cropaia.com\/?page_id=11455"},"modified":"2026-04-15T18:04:18","modified_gmt":"2026-04-15T15:04:18","slug":"libro-fertilizacion-riego","status":"publish","type":"page","link":"https:\/\/cropaia.com\/es\/libro-fertilizacion-riego\/","title":{"rendered":"Libro de fertilizaci\u00f3n y riego"},"content":{"rendered":"<p style=\"text-align: justify;\">\n<div class=\"greennature-shortcode-wrapper\"><div class=\"greennature-item-title-wrapper greennature-item  greennature-left-divider greennature-large \"><div class=\"greennature-item-title-container container\"><div class=\"greennature-item-title-head\"><h3 class=\"greennature-item-title greennature-skin-title greennature-skin-border\">Deje de perder rendimiento por malas decisiones en fertilizaci\u00f3n y riego<\/h3><div class=\"greennature-item-title-caption greennature-skin-info\">M\u00e9todos agron\u00f3micos comprobados<\/div><div class=\"clear\"><\/div><\/div><\/div><\/div><\/div>\n<\/p>\n<p><span style=\"color: #000000;\"><strong>La fertilizaci\u00f3n y el riego son los dos factores m\u00e1s importantes que afectan el rendimiento, la calidad y la eficiencia de los insumos<\/strong>. Sin embargo, <\/span><span style=\"color: #000000;\">la mayor\u00eda de los errores provienen de interpretar mal los datos o aplicar recomendaciones sin entender el sistema.<\/span><\/p>\n<p style=\"text-align: justify;\"><span style=\"color: #000000;\"><strong>Este libro elimina la incertidumbre.<\/strong><\/span><\/p>\n<p style=\"text-align: justify;\"><span style=\"color: #000000;\">Domine cada etapa del cultivo: aprenda a dise\u00f1ar <strong>planes de fertilizaci\u00f3n<\/strong>, interpretar <strong>an\u00e1lisis de suelo y agua<\/strong>, y ajustar el <strong>riego y la fertirrigaci\u00f3n<\/strong> para maximizar el rendimiento econ\u00f3mico.<\/span><\/p>\n<p><span style=\"color: #000000;\"><strong>Con m\u00e1s de 15.000 lectores<\/strong>, este libro se ha convertido en un recurso de referencia para productores y agr\u00f3nomos.<\/span><\/p>\n<p style=\"text-align: center;\"><span style=\"display: inline-block; max-width: 700px; width: 100%;\"><br \/>\n<img decoding=\"async\" style=\"display: block; width: 100%; height: auto;\" src=\"https:\/\/cropaia.com\/wp-content\/uploads\/ES-book-mockup-1200x628-1.jpg\" alt=\"\" data-wp-editing=\"1\" \/><\/span><\/p>\n<p data-start=\"870\" data-end=\"1007\">Tome decisiones que se reflejan en el rendimiento, la eficiencia de insumos y la consistencia de resultados.<\/p>\n<p data-start=\"1014\" data-end=\"1137\">Una gu\u00eda pr\u00e1ctica basada en agronom\u00eda real, enfocada en c\u00f3mo funcionan la fertilizaci\u00f3n y el riego en condiciones de campo.<\/p>\n<p style=\"text-align: center;\">\n<a class=\"greennature-button medium with-border\" href=\"https:\/\/cropaia.com\/wp-content\/uploads\/Indice-libro-fertilizacion-y-riego-2023.pdf\" target=\"_blank\"  style=\"color:#ffffff; background-color:#000000; border-color:#999999; \"  >Descargar \u00edndice<\/a>\n<\/p>\n<p style=\"text-align: center;\"><strong>\u00a1Adquiere el e-book ahora y rec\u00edbalo a su correo electr\u00f3nico!<\/strong><\/p>\n<p style=\"text-align: center;\">Precio regular:\u00a0<del>$85 USD<\/del><\/p>\n<p style=\"text-align: center;\"><strong>Ahora por s\u00f3lo 49 USD<\/strong><\/p>\n<p style=\"text-align: center;\"><strong>\u00a1No pierda la oportunidad!<\/strong><\/p>\n<p style=\"text-align: center;\">\n<a class=\"greennature-button medium with-border\" href=\"https:\/\/checkout.bluesnap.com\/buynow\/checkout?sku3934470=1&amp;storeid=629919&amp;couponcode=AS3481G&amp;cart.open=Y&amp;enc=bqDAwRmaTaCVrunYqbBRfPlW4rhAKBVulIVGM3SnIM2YZWnl2NMhEu2MKzGeNOidpWKlSGaEY1GZbkN%2BOq9A73u8Zqmeu6GPm9%2F38vstuvY%3D\" target=\"_blank\"  style=\"color:#ffffff; background-color:#388E3C; border-color:#999999; \"  >Adquirir el E-book<\/a>\n<a class=\"greennature-button medium with-border\" href=\"https:\/\/checkout.bluesnap.com\/buynow\/checkout?sku3957384=1&amp;storeid=629919&amp;skinid=50&amp;shippinginfovisible=N&amp;enc=bqDAwRmaTaCVrunYqbBRfPlW4rhAKBVulIVGM3SnIM2YZWnl2NMhEu2MKzGeNOidpWKlSGaEY1GZbkN%2BOq9A73u8Zqmeu6GPm9%2F38vstuvY%3D\" target=\"_blank\"  style=\"color:#ffffff; background-color:#4A4A4A; border-color:#999999; \"  >Ordenar el libro en f\u00edsico<\/a>\n<\/p>\n<p><!-- Bot\u00f3n: \u00cdndice en PDF --><\/p>\n<p><!-- Oferta principal con dos botones (ebook y f\u00edsico) --><\/p>\n<p><!-- Texto de valor --><\/p>\n<p data-start=\"320\" data-end=\"560\" data-is-last-node=\"\" data-is-only-node=\"\"><span style=\"color: #000000;\">A lo largo de sus 260 p\u00e1ginas, el autor comparte sus conocimientos sobre los temas m\u00e1s relevantes de la nutrici\u00f3n y el riego de los cultivos:<\/span><\/p>\n<p><!-- Caja de \u201cQu\u00e9 contiene\u201d con dise\u00f1o --><\/p>\n<div style=\"border-left: 5px solid #2C7002; padding: 20px; background: #f9f9f9; border-radius: 8px; margin-top: 20px;\">\n<h2 style=\"color: #333; font-size: 26px; font-weight: bold; border-bottom: 3px solid #ddd; padding-bottom: 8px;\">\u00bfQu\u00e9 contiene?<\/h2>\n<p><span style=\"color: #000000;\">El libro contiene temas como:\u00a0<\/span><\/p>\n<ul class=\"wcb-button cb-common star-button\">\n<li><span style=\"color: #000000;\">\u00bfCu\u00e1les son los<\/span> <span style=\"color: #5dc269;\"><strong>nutrientes esenciales de las plantas<\/strong><\/span>,<span style=\"color: #000000;\"><span style=\"color: #000000;\"> sus funciones y comportamiento en el suelo y el agua?<\/span><\/span><\/li>\n<\/ul>\n<ul class=\"wcb-button cb-common star-button\">\n<li><span style=\"color: #000000;\">\u00bfC\u00f3mo evaluar la<\/span> <span style=\"color: #5dc269;\"><strong>calidad del agua de riego<\/strong><\/span><span style=\"color: #000000;\">? Par\u00e1metros de calidad del agua, an\u00e1lisis e interpretaci\u00f3n de los resultados.<\/span><\/li>\n<\/ul>\n<ul class=\"wcb-button cb-common star-button\">\n<li><span style=\"color: #000000;\">\u00bfC\u00f3mo <\/span><span style=\"color: #5dc269;\"><strong>interpretar los resultados del <\/strong><\/span>an\u00e1lisis de suelo y los an\u00e1lisis foliares<span style=\"color: #000000;\">?<\/span><\/li>\n<\/ul>\n<ul class=\"wcb-button cb-common star-button\">\n<li><span style=\"color: #000000;\">Las<\/span> <span style=\"color: #5dc269;\"><strong>propiedades del suelo <\/strong><span style=\"color: #000000;\">e interacciones que afectan la disponibilidad de agua y nutrientes.<\/span><\/span><\/li>\n<\/ul>\n<ul class=\"wcb-button cb-common star-button\">\n<li><span style=\"color: #5dc269;\"><span style=\"color: #000000;\">\u00bfC\u00f3mo <\/span><strong>dise\u00f1ar soluciones nutritivas para fertirriego<\/strong><span style=\"color: #000000;\">?<\/span><\/span><\/li>\n<\/ul>\n<ul class=\"wcb-button cb-common star-button\">\n<li>\u00bfC\u00f3mo realizar <span style=\"color: #5dc269;\"><strong>recomendaciones de fertilizaci\u00f3n\u00a0<\/strong><span style=\"color: #000000;\">y calcular las dosis de aplicaci\u00f3n de fertilizantes<\/span><\/span><span style=\"color: #000000;\">?<\/span><\/li>\n<\/ul>\n<ul class=\"wcb-button cb-common star-button\">\n<li><span style=\"color: #000000;\">M\u00e9todos de<\/span> <span style=\"color: #5dc269;\"><strong>programaci\u00f3n de riego<\/strong><\/span><\/li>\n<\/ul>\n<ul>\n<li><span style=\"color: #000000;\">\u00bfC\u00f3mo cultivar en<\/span> <span style=\"color: #5dc269;\"><strong>hidropon\u00eda<\/strong><\/span> <span style=\"color: #000000;\">y equilibrar las soluciones nutritivas?<\/span><\/li>\n<\/ul>\n<ul>\n<li><span style=\"color: #000000;\">Fertilizaci\u00f3n org\u00e1nica y fertilizantes de liberaci\u00f3n lenta<\/span><\/li>\n<\/ul>\n<p><span style=\"color: #000000;\">Y mucho m\u00e1s&#8230;<\/span><\/p>\n<\/div>\n<p><!-- Bot\u00f3n descargar \u00edndice --><\/p>\n<p>&nbsp;<\/p>\n<p style=\"text-align: center;\">Precio del E-book: <strong>49 USD<br \/>\n<\/strong><\/p>\n<p style=\"text-align: center;\" data-start=\"1778\" data-end=\"1879\"><span style=\"color: #000000;\"><em data-start=\"1834\" data-end=\"1879\">Recibir\u00e1 el E-book en su correo electr\u00f3nico.<\/em><\/span><\/p>\n<p style=\"text-align: center;\">\n<a class=\"greennature-button medium with-border\" href=\"https:\/\/checkout.bluesnap.com\/buynow\/checkout?sku3934470=1&amp;storeid=629919&amp;couponcode=AS3481G&amp;cart.open=Y&amp;enc=bqDAwRmaTaCVrunYqbBRfPlW4rhAKBVulIVGM3SnIM2YZWnl2NMhEu2MKzGeNOidpWKlSGaEY1GZbkN%2BOq9A73u8Zqmeu6GPm9%2F38vstuvY%3D\" target=\"_blank\"  style=\"color:#ffffff; background-color:#388E3C; border-color:#999999; \"  >Adquirir el E-book<\/a>\n<a class=\"greennature-button medium with-border\" href=\"https:\/\/checkout.bluesnap.com\/buynow\/checkout?sku3957384=1&amp;storeid=629919&amp;skinid=50&amp;shippinginfovisible=N&amp;enc=bqDAwRmaTaCVrunYqbBRfPlW4rhAKBVulIVGM3SnIM2YZWnl2NMhEu2MKzGeNOidpWKlSGaEY1GZbkN%2BOq9A73u8Zqmeu6GPm9%2F38vstuvY%3D\" target=\"_blank\"  style=\"color:#ffffff; background-color:#4A4A4A; border-color:#999999; \"  >Ordenar el libro en f\u00edsico<\/a>\n<\/p>\n<p style=\"text-align: center;\" data-start=\"768\" data-end=\"862\"><strong data-start=\"800\" data-end=\"862\">Libro impreso: Disponible para env\u00edo internacional. El costo del libro impreso var\u00eda seg\u00fan el pa\u00eds de destino.<\/strong><\/p>\n<div class=\"greennature-shortcode-wrapper\"><div class=\"clear\"><\/div><div class=\"greennature-item greennature-divider-item\"  ><div class=\"greennature-divider solid\"  style=\"width: 50%;\" ><\/div><\/div><\/div>\n<p><!-- Sobre el autor --><\/p>\n<div class=\"greennature-shortcode-wrapper\"><div class=\"greennature-item-title-wrapper greennature-item  greennature-left-divider greennature-large \"><div class=\"greennature-item-title-container container\"><div class=\"greennature-item-title-head\"><h3 class=\"greennature-item-title greennature-skin-title greennature-skin-border\">Conozca el autor<\/h3><div class=\"clear\"><\/div><\/div><\/div><\/div><\/div>\n<div class=\"greennature-shortcode-wrapper greennature-row-shortcode\">\r\n<div class=\"eight columns\"><div class=\"greennature-item greennature-column-shortcode\"><article class=\"text-token-text-primary w-full focus:outline-none &#091;--shadow-height:45px&#093; has-data-writing-block:pointer-events-none has-data-writing-block:-mt-(--shadow-height) has-data-writing-block:pt-(--shadow-height) &#091;&amp;:has(&#091;data-writing-block&#093;)&gt;*&#093;:pointer-events-auto &#091;content-visibility:auto&#093; supports-&#091;content-visibility:auto&#093;:&#091;contain-intrinsic-size:auto_100lvh&#093; scroll-mt-&#091;calc(var(--header-height)+min(200px,max(70px,20svh)))&#093;\" dir=\"auto\" tabindex=\"-1\" data-turn-id=\"request-WEB:614e6e5d-b5be-4b4b-8135-da1ef83a6b52-4\" data-testid=\"conversation-turn-10\" data-scroll-anchor=\"true\" data-turn=\"assistant\">\n<div class=\"text-base my-auto mx-auto pb-10 &#091;--thread-content-margin:--spacing(4)&#093; thread-sm:&#091;--thread-content-margin:--spacing(6)&#093; thread-lg:&#091;--thread-content-margin:--spacing(16)&#093; px-(--thread-content-margin)\">\n<div class=\"&#091;--thread-content-max-width:40rem&#093; thread-lg:&#091;--thread-content-max-width:48rem&#093; mx-auto max-w-(--thread-content-max-width) flex-1 group\/turn-messages focus-visible:outline-hidden relative flex w-full min-w-0 flex-col agent-turn\" tabindex=\"-1\">\n<div class=\"flex max-w-full flex-col grow\">\n<div class=\"min-h-8 text-message relative flex w-full flex-col items-end gap-2 text-start break-words whitespace-normal &#091;.text-message+&amp;&#093;:mt-1\" dir=\"auto\" data-message-author-role=\"assistant\" data-message-id=\"54137e8d-1f11-492a-b5ce-d58735ac0164\" data-message-model-slug=\"gpt-5\">\n<div class=\"flex w-full flex-col gap-1 empty:hidden first:pt-&#091;1px&#093;\">\n<div class=\"markdown prose dark:prose-invert w-full break-words light markdown-new-styling\">\n<p data-start=\"0\" data-end=\"104\"><span style=\"color: #000000;\">El Ing. Guy Sela es un experto de reconocimiento internacional y gran influencia en nutrici\u00f3n vegetal y riego.<\/span><\/p>\n<p data-start=\"106\" data-end=\"409\"><span style=\"color: #000000;\">El Sr. Sela dedic\u00f3 muchos a\u00f1os a la investigaci\u00f3n y experimentaci\u00f3n de m\u00e9todos para mejorar la producci\u00f3n agr\u00edcola, perfeccionando sus habilidades en fincas comerciales de todo el mundo. A lo largo de sus m\u00e1s de 20 a\u00f1os de trayectoria, ha trabajado con miles de productores y agr\u00f3nomos a nivel global.<\/span><\/p>\n<p data-start=\"411\" data-end=\"559\"><span style=\"color: #000000;\">Fue fundador y director general de Smart Fertilizer, una plataforma digital \u00fanica para la optimizaci\u00f3n del uso de fertilizantes en la agricultura.<\/span><\/p>\n<p data-start=\"561\" data-end=\"748\"><span style=\"color: #000000;\">Actualmente es propietario y fundador de Cropaia y yieldsApp, dos empresas agtech dedicadas al desarrollo de soluciones innovadoras para la agricultura y a la difusi\u00f3n del conocimiento.<\/span><\/p>\n<p data-start=\"750\" data-end=\"926\" data-is-last-node=\"\" data-is-only-node=\"\"><span style=\"color: #000000;\">Adem\u00e1s de su actividad en la industria agtech, el Sr. Sela es conferencista internacional y con frecuencia es invitado a compartir su experiencia en congresos de todo el mundo.<\/span><\/p>\n<\/div>\n<\/div>\n<\/div>\n<\/div>\n<\/div>\n<\/div>\n<\/article>\n<\/div><\/div>\r\n<div class=\"four columns\"><div class=\"greennature-item greennature-column-shortcode\"><div id=\"attachment_9711\" style=\"width: 256px\" class=\"wp-caption alignnone\"><a href=\"https:\/\/cropaia.com\/wp-content\/uploads\/2018\/10\/Guy-Sela-Cropaia.jpg\"><img loading=\"lazy\" decoding=\"async\" aria-describedby=\"caption-attachment-9711\" class=\"size-medium wp-image-9711\" src=\"https:\/\/cropaia.com\/wp-content\/uploads\/2018\/10\/Guy-Sela-Cropaia.jpg\" alt=\"\" width=\"246\" height=\"300\" \/><\/a><p id=\"caption-attachment-9711\" class=\"wp-caption-text\">Ing. Guy Sela<\/p><\/div>\n<\/div><\/div>\r\n<div class=\"clear\"><\/div><\/div>\n<div class=\"greennature-shortcode-wrapper\"><div class=\"clear\"><\/div><div class=\"greennature-item greennature-divider-item\"  ><div class=\"greennature-divider solid\"  style=\"width: 50%;\" ><\/div><\/div><\/div>\n<p><!-- Testimonios --><\/p>\n<div class=\"greennature-shortcode-wrapper\"><div class=\"greennature-item-title-wrapper greennature-item  greennature-left-divider greennature-large \"><div class=\"greennature-item-title-container container\"><div class=\"greennature-item-title-head\"><h3 class=\"greennature-item-title greennature-skin-title greennature-skin-border\">Lo que dicen los lectores<\/h3><div class=\"clear\"><\/div><\/div><\/div><\/div><\/div>\n<p><img loading=\"lazy\" decoding=\"async\" class=\"alignnone wp-image-14076 size-full\" src=\"https:\/\/cropaia.com\/wp-content\/uploads\/Stars-e1659355439701.png\" alt=\"\" width=\"119\" height=\"26\" \/><br \/>\n<strong><em><span style=\"color: #000000;\">\u201cQuiero felicitar y saludar al Ing. Guy Sela y a todo su equipo por proporcionar y poner al alcance esta valiosa informaci\u00f3n, soy Profesor universitario y me ha servido mucho su libro para enriquecer la clase diaria<\/span>.<span style=\"color: #000000;\">\u201d<\/span><\/em><\/strong><span style=\"color: #000000;\"> <em>Rogelio Ortiz, M\u00e9xico<\/em><\/span><\/p>\n<p><img loading=\"lazy\" decoding=\"async\" class=\"alignnone wp-image-14076 size-full\" src=\"https:\/\/cropaia.com\/wp-content\/uploads\/Stars-e1659355439701.png\" alt=\"\" width=\"119\" height=\"26\" \/><br \/>\n<span style=\"color: #000000;\"><strong>\u201cExcelente libro de conocimientos y pr\u00e1cticas.\u201d<\/strong> <em>Antonio Miguel Rodr\u00edguez Duarte, El Salvador<\/em><\/span><\/p>\n<p><img loading=\"lazy\" decoding=\"async\" class=\"alignnone wp-image-14076 size-full\" src=\"https:\/\/cropaia.com\/wp-content\/uploads\/Stars-e1659355439701.png\" alt=\"\" width=\"119\" height=\"26\" \/><br \/>\n<span style=\"color: #000000;\"><em><strong>\u201cEs el mejor. Se lleva a nivel maestr\u00eda.\u201d<\/strong> Sergio Otero Carillo, M\u00e9xico<\/em><\/span><\/p>\n<p><img loading=\"lazy\" decoding=\"async\" class=\"alignnone wp-image-14076 size-full\" src=\"https:\/\/cropaia.com\/wp-content\/uploads\/Stars-e1659355439701.png\" alt=\"\" width=\"119\" height=\"26\" \/><br \/>\n<span style=\"color: #000000;\"><em><strong>\u201cSuper excelente.\u201d<\/strong> Ricardo Flores, Colombia<\/em><\/span><\/p>\n<p><!-- CTA repetido con botones --><\/p>\n<p style=\"text-align: center;\"><span style=\"display: inline-block; max-width: 700px; width: 100%;\"><br \/>\n<img decoding=\"async\" style=\"display: block; width: 100%; height: auto;\" src=\"https:\/\/cropaia.com\/wp-content\/uploads\/ES-book-mockup-1200x628-1.jpg\" alt=\"\" data-wp-editing=\"1\" \/><br \/>\n<\/span><\/p>\n<p style=\"text-align: center;\">Precio del E-book: <strong>49 USD<br \/>\n<\/strong><\/p>\n<p style=\"text-align: center;\" data-start=\"1778\" data-end=\"1879\"><span style=\"color: #000000;\"><em data-start=\"1834\" data-end=\"1879\">Recibir\u00e1 el E-book en su correo electr\u00f3nico.<\/em><\/span><\/p>\n<p style=\"text-align: center;\">\n<a class=\"greennature-button medium with-border\" href=\"https:\/\/checkout.bluesnap.com\/buynow\/checkout?sku3934470=1&amp;storeid=629919&amp;couponcode=AS3481G&amp;cart.open=Y&amp;enc=bqDAwRmaTaCVrunYqbBRfPlW4rhAKBVulIVGM3SnIM2YZWnl2NMhEu2MKzGeNOidpWKlSGaEY1GZbkN%2BOq9A73u8Zqmeu6GPm9%2F38vstuvY%3D\" target=\"_blank\"  style=\"color:#ffffff; background-color:#388E3C; border-color:#999999; \"  >Adquirir el libro digital (49 USD)<\/a>\n<a class=\"greennature-button medium with-border\" href=\"https:\/\/checkout.bluesnap.com\/buynow\/checkout?sku3957384=1&amp;storeid=629919&amp;skinid=50&amp;shippinginfovisible=N&amp;enc=bqDAwRmaTaCVrunYqbBRfPlW4rhAKBVulIVGM3SnIM2YZWnl2NMhEu2MKzGeNOidpWKlSGaEY1GZbkN%2BOq9A73u8Zqmeu6GPm9%2F38vstuvY%3D\" target=\"_blank\"  style=\"color:#ffffff; background-color:#4A4A4A; border-color:#999999; \"  >Ordenar el libro en f\u00edsico<\/a>\n<\/p>\n<p style=\"text-align: center;\" data-start=\"768\" data-end=\"862\"><strong data-start=\"800\" data-end=\"862\">Libro impreso: Disponible para env\u00edo internacional. El costo del libro impreso var\u00eda seg\u00fan el pa\u00eds de destino.<\/strong><\/p>\n<p><!-- Caja de m\u00e9todos de pago alternativos --><\/p>\n<div class=\"greennature-shortcode-wrapper\"><div class=\"greennature-styled-box-item-ux greennature-ux\" ><div class=\"greennature-item greennature-styled-box-item\" ><div class=\"greennature-styled-box-head-wrapper\" ><div class=\"greennature-styled-box-corner\" style=\"border-bottom-color:#3d6817;\" ><\/div><div class=\"greennature-styled-box-head\" style=\"background-color:#5dc269;\" ><\/div><\/div><div class=\"greennature-styled-box-body with-head\" style=\"background-color:#5dc269; color: #ffffff; \" ><h4 style=\"text-align: center;\"><span style=\"color: #ffffff;\">Procesadores de pago alternativos<\/span><\/h4>\n<p style=\"text-align: center;\"><span style=\"color: #ffffff;\"><strong>\u00bfProblemas con el pago?<\/strong><\/span><br \/>\n<span style=\"color: #ffffff;\">Algunas tarjetas pueden ser rechazadas por pol\u00edticas de seguridad. Ofrecemos m\u00e9todos alternativos que que incluyen m\u00e9todos locales y pago en efectivo<\/span><\/p>\n<p style=\"text-align: center; margin: 0;\"><span style=\"text-decoration: underline;\"><strong><a style=\"color: #ffffff; text-decoration: underline;\" href=\"https:\/\/pay.hotmart.com\/J60199573H\" target=\"_blank\" rel=\"noopener\">Clic Aqu\u00ed para pagar con opciones locales en su pa\u00eds<\/a><\/strong><\/span><\/p>\n<\/div><\/div><\/div><\/div>\n<p><!-- Nota: si desea una imagen de fondo en otra caja, puede usar el segundo styled_box con background_type=\"image\" --><\/p>\n<div class=\"greennature-shortcode-wrapper\"><div class=\"clear\"><\/div><div class=\"greennature-item greennature-divider-item\"  ><div class=\"greennature-divider solid\"  style=\"width: 50%;\" ><\/div><\/div><\/div>\n<p><!-- Notas finales --><\/p>\n<ol>\n<li>El libro digital viene en formato PDF y puede leerse sin conexi\u00f3n.<\/li>\n<li>El libro en f\u00edsico tiene un precio distinto al digital e incluye costos de env\u00edo.<\/li>\n<li>Para pagar con otros m\u00e9todos ( <strong>Western Union, MoneyGram, transferencia bancaria<\/strong> ), por favor <strong><u><a href=\"https:\/\/cropaia.com\/es\/metodos-de-pago\/\" target=\"_blank\" rel=\"noopener\">cont\u00e1ctenos<\/a><\/u><\/strong>.<\/li>\n<\/ol>\n","protected":false},"excerpt":{"rendered":"<p>La fertilizaci\u00f3n y el riego son los dos factores m\u00e1s importantes que afectan el rendimiento, la calidad y la eficiencia de los insumos. Sin embargo, la mayor\u00eda de los errores provienen de interpretar mal los datos o aplicar recomendaciones sin entender el sistema. Este libro elimina la incertidumbre. Domine cada etapa del cultivo: aprenda a&#8230; <\/p>\n<div class=\"clear\"><\/div>\n<p><a href=\"https:\/\/cropaia.com\/es\/libro-fertilizacion-riego\/\" class=\"excerpt-read-more\">Leer m\u00e1s<\/a><\/p>\n","protected":false},"author":1,"featured_media":14926,"parent":0,"menu_order":0,"comment_status":"closed","ping_status":"closed","template":"","meta":{"om_disable_all_campaigns":false,"footnotes":""},"class_list":["post-11455","page","type-page","status-publish","has-post-thumbnail","hentry","page_category-productos"],"aioseo_notices":[],"_links":{"self":[{"href":"https:\/\/cropaia.com\/es\/wp-json\/wp\/v2\/pages\/11455","targetHints":{"allow":["GET"]}}],"collection":[{"href":"https:\/\/cropaia.com\/es\/wp-json\/wp\/v2\/pages"}],"about":[{"href":"https:\/\/cropaia.com\/es\/wp-json\/wp\/v2\/types\/page"}],"author":[{"embeddable":true,"href":"https:\/\/cropaia.com\/es\/wp-json\/wp\/v2\/users\/1"}],"replies":[{"embeddable":true,"href":"https:\/\/cropaia.com\/es\/wp-json\/wp\/v2\/comments?post=11455"}],"version-history":[{"count":10,"href":"https:\/\/cropaia.com\/es\/wp-json\/wp\/v2\/pages\/11455\/revisions"}],"predecessor-version":[{"id":18659,"href":"https:\/\/cropaia.com\/es\/wp-json\/wp\/v2\/pages\/11455\/revisions\/18659"}],"wp:featuredmedia":[{"embeddable":true,"href":"https:\/\/cropaia.com\/es\/wp-json\/wp\/v2\/media\/14926"}],"wp:attachment":[{"href":"https:\/\/cropaia.com\/es\/wp-json\/wp\/v2\/media?parent=11455"}],"curies":[{"name":"wp","href":"https:\/\/api.w.org\/{rel}","templated":true}]}}