{"id":10609,"date":"2019-03-20T15:27:33","date_gmt":"2019-03-20T12:27:33","guid":{"rendered":"https:\/\/cropaia.com\/?page_id=10609"},"modified":"2019-03-20T15:42:24","modified_gmt":"2019-03-20T12:42:24","slug":"curso-fertilizacion-riego-contactar","status":"publish","type":"page","link":"https:\/\/cropaia.com\/es\/curso-fertilizacion-riego-contactar\/","title":{"rendered":"Curso Online: Fertilizaci\u00f3n y Riego"},"content":{"rendered":"<p><strong>Por favor cont\u00e1ctenos para m\u00e1s informaci\u00f3n sobre el curso:<\/strong><\/p>\n<style id=\"wpforms-css-vars-10594\">\n\t\t\t\t#wpforms-10594 {\n\t\t\t\t\n\t\t\t}\n\t\t\t<\/style><div class=\"wpforms-container wpforms-container-full wpforms-render-modern\" id=\"wpforms-10594\"><form id=\"wpforms-form-10594\" class=\"wpforms-validate wpforms-form\" data-formid=\"10594\" method=\"post\" enctype=\"multipart\/form-data\" action=\"\/es\/wp-json\/wp\/v2\/pages\/10609\" data-token=\"834cfe7d0fb7dbd6fd119cac894a6026\" data-token-time=\"1775372935\"><noscript class=\"wpforms-error-noscript\">Por favor, activa JavaScript en tu navegador para completar este formulario.<\/noscript><div id=\"wpforms-error-noscript\" style=\"display: none;\">Por favor, activa JavaScript en tu navegador para completar este formulario.<\/div><div class=\"wpforms-field-container\"><div id=\"wpforms-10594-field_15-container\" class=\"wpforms-field wpforms-field-text\" data-field-id=\"15\"><label class=\"wpforms-field-label\" for=\"wpforms-10594-field_15\">Nombre<\/label><input type=\"text\" id=\"wpforms-10594-field_15\" class=\"wpforms-field-small\" name=\"wpforms[fields][15]\" aria-errormessage=\"wpforms-10594-field_15-error\" ><\/div><div id=\"wpforms-10594-field_16-container\" class=\"wpforms-field wpforms-field-text\" data-field-id=\"16\"><label class=\"wpforms-field-label\" for=\"wpforms-10594-field_16\">Apellido<\/label><input type=\"text\" id=\"wpforms-10594-field_16\" class=\"wpforms-field-small\" name=\"wpforms[fields][16]\" aria-errormessage=\"wpforms-10594-field_16-error\" ><\/div><div id=\"wpforms-10594-field_2-container\" class=\"wpforms-field wpforms-field-email\" data-field-id=\"2\"><label class=\"wpforms-field-label\" for=\"wpforms-10594-field_2\">Correo-e <span class=\"wpforms-required-label\" aria-hidden=\"true\">*<\/span><\/label><input type=\"email\" id=\"wpforms-10594-field_2\" class=\"wpforms-field-small wpforms-field-required\" name=\"wpforms[fields][2]\" spellcheck=\"false\" aria-errormessage=\"wpforms-10594-field_2-error\" required><\/div><div id=\"wpforms-10594-field_3-container\" class=\"wpforms-field wpforms-field-select\" data-field-id=\"3\"><label class=\"wpforms-field-label\" for=\"wpforms-10594-field_3\">Pa\u00eds <span class=\"wpforms-required-label\" aria-hidden=\"true\">*<\/span><\/label><select id=\"wpforms-10594-field_3\" class=\"wpforms-field-small wpforms-field-required\" name=\"wpforms[fields][3]\" required=\"required\"><option value=\"Opci\u00f3n 3\"  class=\"choice-3 depth-1\"  >Opci\u00f3n 3<\/option><option value=\"Argentina\"  class=\"choice-14 depth-1\"  >Argentina<\/option><option value=\"Aruba\"  class=\"choice-16 depth-1\"  >Aruba<\/option><option value=\"Bolivia\"  class=\"choice-31 depth-1\"  >Bolivia<\/option><option value=\"Brazil\"  class=\"choice-35 depth-1\"  >Brazil<\/option><option value=\"Chile\"  class=\"choice-52 depth-1\"  >Chile<\/option><option value=\"Colombia\"  class=\"choice-57 depth-1\"  >Colombia<\/option><option value=\"Costa Rica\"  class=\"choice-62 depth-1\"  >Costa Rica<\/option><option value=\"Cuba\"  class=\"choice-65 depth-1\"  >Cuba<\/option><option value=\"Ecuador\"  class=\"choice-74 depth-1\"  >Ecuador<\/option><option value=\"El Salvador\"  class=\"choice-76 depth-1\"  >El Salvador<\/option><option value=\"Espa\u00f1a\"  class=\"choice-217 depth-1\"  >Espa\u00f1a<\/option><option value=\"Guatemala\"  class=\"choice-100 depth-1\"  >Guatemala<\/option><option value=\"Honduras\"  class=\"choice-107 depth-1\"  >Honduras<\/option><option value=\"M\u00e9xico\"  class=\"choice-151 depth-1\"  >M\u00e9xico<\/option><option value=\"Nicaragua\"  class=\"choice-167 depth-1\"  >Nicaragua<\/option><option value=\"Panam\u00e1\"  class=\"choice-179 depth-1\"  >Panam\u00e1<\/option><option value=\"Paraguay\"  class=\"choice-181 depth-1\"  >Paraguay<\/option><option value=\"Per\u00fa\"  class=\"choice-182 depth-1\"  >Per\u00fa<\/option><option value=\"Portugal\"  class=\"choice-186 depth-1\"  >Portugal<\/option><option value=\"Puerto Rico\"  class=\"choice-187 depth-1\"  >Puerto Rico<\/option><option value=\"Rep\u00fablica Dominicana\"  class=\"choice-73 depth-1\"  >Rep\u00fablica Dominicana<\/option><option value=\"United States\"  class=\"choice-248 depth-1\"  >United States<\/option><option value=\"Uruguay\"  class=\"choice-249 depth-1\"  >Uruguay<\/option><option value=\"Venezuela\"  class=\"choice-253 depth-1\"  >Venezuela<\/option><\/select><\/div><div id=\"wpforms-10594-field_4-container\" class=\"wpforms-field wpforms-field-number\" data-field-id=\"4\"><label class=\"wpforms-field-label\" for=\"wpforms-10594-field_4\">N\u00famero de tel\u00e9fono<\/label><input type=\"number\" id=\"wpforms-10594-field_4\" class=\"wpforms-field-small\" name=\"wpforms[fields][4]\" step=\"any\" aria-errormessage=\"wpforms-10594-field_4-error\" ><\/div><div id=\"wpforms-10594-field_12-container\" class=\"wpforms-field wpforms-field-select\" data-field-id=\"12\"><label class=\"wpforms-field-label\" for=\"wpforms-10594-field_12\">\u00bfQuisiera que un asesor de estudios le contacte telef\u00f3nicamente?<\/label><select id=\"wpforms-10594-field_12\" class=\"wpforms-field-small\" name=\"wpforms[fields][12]\"><option value=\"Opci\u00f3n 1\"  class=\"choice-1 depth-1\"  >Opci\u00f3n 1<\/option><option value=\"S\u00ed, espero su llamada\"  class=\"choice-2 depth-1\"  >S\u00ed, espero su llamada<\/option><option value=\"No. Por favor contactarme por correo\"  class=\"choice-3 depth-1\"  >No. Por favor contactarme por correo<\/option><\/select><\/div><div id=\"wpforms-10594-field_9-container\" class=\"wpforms-field wpforms-field-textarea\" data-field-id=\"9\"><label class=\"wpforms-field-label\" for=\"wpforms-10594-field_9\">Comentario<\/label><textarea id=\"wpforms-10594-field_9\" class=\"wpforms-field-small\" name=\"wpforms[fields][9]\" aria-errormessage=\"wpforms-10594-field_9-error\" ><\/textarea><\/div><\/div><!-- .wpforms-field-container --><div class=\"wpforms-field wpforms-field-hp\"><label for=\"wpforms-10594-field-hp\" class=\"wpforms-field-label\">Email<\/label><input type=\"text\" name=\"wpforms[hp]\" id=\"wpforms-10594-field-hp\" class=\"wpforms-field-medium\"><\/div><div class=\"wpforms-submit-container\" ><input type=\"hidden\" name=\"wpforms[id]\" value=\"10594\"><input type=\"hidden\" name=\"page_title\" value=\"\"><input type=\"hidden\" name=\"page_url\" value=\"https:\/\/cropaia.com\/es\/wp-json\/wp\/v2\/pages\/10609\"><input type=\"hidden\" name=\"url_referer\" value=\"\"><button type=\"submit\" name=\"wpforms[submit]\" id=\"wpforms-submit-10594\" class=\"wpforms-submit action-ads-button_large_greennature-button\" data-alt-text=\"Enviando...\" data-submit-text=\"Enviar\" aria-live=\"assertive\" value=\"wpforms-submit\">Enviar<\/button><\/div><\/form><\/div>  <!-- .wpforms-container -->\n","protected":false},"excerpt":{"rendered":"<p>Por favor cont\u00e1ctenos para m\u00e1s informaci\u00f3n sobre el curso:<\/p>\n","protected":false},"author":1,"featured_media":0,"parent":0,"menu_order":0,"comment_status":"closed","ping_status":"closed","template":"","meta":{"om_disable_all_campaigns":false,"footnotes":""},"class_list":["post-10609","page","type-page","status-publish","hentry"],"aioseo_notices":[],"_links":{"self":[{"href":"https:\/\/cropaia.com\/es\/wp-json\/wp\/v2\/pages\/10609","targetHints":{"allow":["GET"]}}],"collection":[{"href":"https:\/\/cropaia.com\/es\/wp-json\/wp\/v2\/pages"}],"about":[{"href":"https:\/\/cropaia.com\/es\/wp-json\/wp\/v2\/types\/page"}],"author":[{"embeddable":true,"href":"https:\/\/cropaia.com\/es\/wp-json\/wp\/v2\/users\/1"}],"replies":[{"embeddable":true,"href":"https:\/\/cropaia.com\/es\/wp-json\/wp\/v2\/comments?post=10609"}],"version-history":[{"count":0,"href":"https:\/\/cropaia.com\/es\/wp-json\/wp\/v2\/pages\/10609\/revisions"}],"wp:attachment":[{"href":"https:\/\/cropaia.com\/es\/wp-json\/wp\/v2\/media?parent=10609"}],"curies":[{"name":"wp","href":"https:\/\/api.w.org\/{rel}","templated":true}]}}