{"id":10559,"date":"2019-03-19T15:16:06","date_gmt":"2019-03-19T12:16:06","guid":{"rendered":"https:\/\/cropaia.com\/?page_id=10559"},"modified":"2020-11-25T21:06:02","modified_gmt":"2020-11-25T18:06:02","slug":"curso-fertilizacion-riego-malla-curricular","status":"publish","type":"page","link":"https:\/\/cropaia.com\/es\/curso-fertilizacion-riego-malla-curricular\/","title":{"rendered":"Curso fertilizaci\u00f3n y riego: Malla curricular"},"content":{"rendered":"<div class=\"greennature-shortcode-wrapper\"><div class=\"greennature-item-title-wrapper greennature-item  greennature-left-divider greennature-large \"><div class=\"greennature-item-title-container container\"><div class=\"greennature-item-title-head\"><h3 class=\"greennature-item-title greennature-skin-title greennature-skin-border\">Curso Fertilizaci\u00f3n y Riego: Estrategias y Pr\u00e1cticas a Nivel Experto<\/h3><div class=\"greennature-item-title-caption greennature-skin-info\">Malla curricular<\/div><div class=\"clear\"><\/div><\/div><\/div><\/div><\/div>\n<a class=\"greennature-button medium\" href=\"https:\/\/cropaia.com\/wp-content\/uploads\/Malla-curricular-curso-fertilizacion-y-riego.pdf\" target=\"blank\"  style=\"color:#000000; background-color:#fec428; \"  >Clic para descargar la malla curricular<\/a>\n<table class=\" alignleft\" width=\"702\" align=\"left\">\n<tbody>\n<tr>\n<td align=\"left\" width=\"702\"><span style=\"color: #5dc269;\"><strong>Tema 1 \u2013 <\/strong><strong>\u00a0<\/strong><strong>Nutrientes en los vegetales<\/strong><\/span><\/td>\n<\/tr>\n<tr>\n<td align=\"left\" width=\"702\">Respuesta del rendimiento vegetal en funci\u00f3n de la nutrici\u00f3n.<\/p>\n<p>La ley del m\u00ednimo<\/p>\n<p>Los nutrientes esenciales y su papel en las plantas:<\/p>\n<p>&#8211;\u00a0\u00a0\u00a0\u00a0\u00a0\u00a0\u00a0 Los macronutrientes.<\/p>\n<p>&#8211;\u00a0\u00a0\u00a0\u00a0\u00a0\u00a0\u00a0 Los nutrientes secundarios.<\/p>\n<p>&#8211;\u00a0\u00a0\u00a0\u00a0\u00a0\u00a0\u00a0 Los micronutrientes<\/p>\n<p>La disponibilidad de nutrientes.<\/p>\n<p>Conversiones de unidades y formas i\u00f3nicas<\/p>\n<p>Requerimientos de nutrientes de los cultivos<\/p>\n<p>Deficiencias nutricionales y sus s\u00edntomas<\/td>\n<\/tr>\n<\/tbody>\n<\/table>\n<table class=\" alignleft\" width=\"702\">\n<tbody>\n<tr>\n<td align=\"left\" width=\"702\"><span style=\"color: #5dc269;\"><strong>Tema 2: El suelo como fuente de nutrientes<\/strong><\/span><\/td>\n<\/tr>\n<tr>\n<td align=\"left\" width=\"702\">Propiedades del suelo<\/p>\n<p>Minerales en el suelo<\/p>\n<p>pH del suelo<\/p>\n<p>La materia org\u00e1nica<\/p>\n<p>Nutrientes en el suelo<\/p>\n<p>Disponibilidad de nutrientes en el suelo<\/p>\n<p>Capacidad de retenci\u00f3n de nutrientes del suelo<\/p>\n<p>La textura del suelo y como afecta la disponibilidad de nutrientes.<\/p>\n<p>La biolog\u00eda del suelo y su efecto en la disponibilidad de nutrientes.<\/p>\n<p>Minerales nocivos en el suelo<\/td>\n<\/tr>\n<\/tbody>\n<\/table>\n<table class=\" alignleft\" width=\"702\" align=\"left\">\n<tbody>\n<tr>\n<td align=\"left\" width=\"702\"><span style=\"color: #5dc269;\"><strong>Tema 3: El agua &#8211; fuentes, propiedades y calidad<\/strong><\/span><\/td>\n<\/tr>\n<tr>\n<td align=\"left\" width=\"702\">Fuentes de agua para riego:<\/p>\n<p>Agua subterr\u00e1nea<\/p>\n<p>Agua superficial<\/p>\n<p>Aguas residuales<\/p>\n<p>Agua desalinizada<\/p>\n<p>Unidades de medida<\/p>\n<p>Calidad del agua para riego<\/p>\n<p>Par\u00e1metros qu\u00edmicos de la calidad del agua<\/p>\n<p>&#8211;\u00a0\u00a0\u00a0\u00a0\u00a0\u00a0\u00a0 Alcalinidad y dureza de carbonatos<\/p>\n<p>&#8211;\u00a0\u00a0\u00a0\u00a0\u00a0\u00a0\u00a0 Dureza<\/p>\n<p>&#8211;\u00a0\u00a0\u00a0\u00a0\u00a0\u00a0\u00a0 pH<\/p>\n<p>&#8211;\u00a0\u00a0\u00a0\u00a0\u00a0\u00a0\u00a0 TDS<\/p>\n<p>&#8211;\u00a0\u00a0\u00a0\u00a0\u00a0\u00a0\u00a0 RAS<\/p>\n<p>La conductividad el\u00e9ctrica del agua<\/p>\n<p>Contenido de nutrientes en el agua<\/p>\n<p>Elementos nocivos y sus rangos permitidos<\/p>\n<p>Interpretaci\u00f3n del an\u00e1lisis del agua<\/td>\n<\/tr>\n<\/tbody>\n<\/table>\n<table class=\" alignleft\" width=\"702\">\n<tbody>\n<tr>\n<td align=\"left\" width=\"702\"><span style=\"color: #5dc269;\"><strong>Tema 4: La salinidad del suelo y agua<\/strong><\/span><\/td>\n<\/tr>\n<tr>\n<td align=\"left\" width=\"702\">\u00bfQue es la salinidad?<\/p>\n<p>Fuentes de sales en el suelo y agua<\/p>\n<p>Efecto de la salinidad en las plantas y en los rendimientos<\/p>\n<p>S\u00edntomas de salinidad en las plantas<\/p>\n<p>El efecto de la salinidad en el suelo<\/p>\n<p>Par\u00e1metros e \u00edndices de salinidad en suelo y agua<\/p>\n<p>Medici\u00f3n de la salinidad del suelo<\/p>\n<p>Umbrales de salinidad<\/p>\n<p>Toxicidad de elementos espec\u00edficos<\/p>\n<p>C\u00f3mo evitar o minimizar la salinidad del suelo<\/p>\n<p>El factor de lixiviaci\u00f3n<\/p>\n<p>Recuperaci\u00f3n de suelos salinos<\/td>\n<\/tr>\n<\/tbody>\n<\/table>\n<table class=\" alignleft\" width=\"702\">\n<tbody>\n<tr>\n<td align=\"left\" width=\"702\"><span style=\"color: #5dc269;\"><strong>Tema 5: Interpretaci\u00f3n del an\u00e1lisis de suelo, agua y tejido vegetal<\/strong><\/span><\/td>\n<\/tr>\n<tr>\n<td align=\"left\" width=\"702\">La soluci\u00f3n del suelo<\/p>\n<p>Nutrientes en la fase s\u00f3lida del suelo<\/p>\n<p>Los m\u00e9todos de extracci\u00f3n<\/p>\n<p>La salinidad y fertilidad del suelo<\/p>\n<p>C\u00f3mo interpretar los an\u00e1lisis de suelo<\/p>\n<p>Interpretaci\u00f3n de par\u00e1metros adicionales: Capacidad de intercambio cati\u00f3nico (CIC), la materia org\u00e1nica, el pH del suelo, la conductividad el\u00e9ctrica del suelo<\/p>\n<p>Enfoques adicionales para interpretar los resultados del an\u00e1lisis de suelo<\/p>\n<p>Saturaci\u00f3n de cationes b\u00e1sicos<\/p>\n<p>An\u00e1lisis cuantitativo<\/p>\n<p>Interpretaci\u00f3n del an\u00e1lisis del agua<\/p>\n<p>Interpretaci\u00f3n del an\u00e1lisis de tejidos vegetales<\/td>\n<\/tr>\n<\/tbody>\n<\/table>\n<table class=\" alignleft\" width=\"702\">\n<tbody>\n<tr>\n<td align=\"left\" width=\"702\"><span style=\"color: #5dc269;\"><strong>Tema 6: El plan de fertilizaci\u00f3n<\/strong><\/span><\/td>\n<\/tr>\n<tr>\n<td align=\"left\" width=\"702\">El rendimiento objetivo<\/p>\n<p>Requerimientos de nutrientes seg\u00fan lo determinado por el rendimiento objetivo<\/p>\n<p>Filosof\u00edas para equilibrar el suelo<\/p>\n<p>C\u00f3mo ajustar los requerimientos de nutrientes seg\u00fan el an\u00e1lisis de suelo, agua y tejidos<\/p>\n<p>Tipos de fertilizantes<\/p>\n<p>Fertilizantes org\u00e1nicos<\/p>\n<p>Selecci\u00f3n de fertilizantes<\/p>\n<p>C\u00e1lculo de las dosis de fertilizantes<\/p>\n<p>El tiempo de aplicaci\u00f3n de fertilizantes<\/p>\n<p>Fertilizaci\u00f3n de base<\/p>\n<p>Aplicaciones fraccionadas<\/p>\n<p>M\u00e9todos de aplicaci\u00f3n de fertilizantes<\/td>\n<\/tr>\n<\/tbody>\n<\/table>\n<table class=\" alignleft\" width=\"702\">\n<tbody>\n<tr>\n<td align=\"left\" width=\"702\"><span style=\"color: #5dc269;\"><strong>Tema 7 \u2013 El fertiriego<\/strong><\/span><\/td>\n<\/tr>\n<tr>\n<td align=\"left\" width=\"702\">Ventajas y retos<\/p>\n<p>Fertiriego cuantitativo<\/p>\n<p>Fertiriego proporcional<\/p>\n<p>La soluci\u00f3n nutritiva<\/p>\n<p>El efecto de la calidad del agua<\/p>\n<p>Preparaci\u00f3n de soluciones madre<\/p>\n<p>La solubilidad y compatibilidad de fertilizantes<\/p>\n<p>La tasa de inyecci\u00f3n<\/p>\n<p>C\u00e1lculos<\/p>\n<p>Inyectores de fertilizantes<\/p>\n<p>Sistemas de fertirriego<\/p>\n<p>Calibraci\u00f3n del sistema<\/td>\n<\/tr>\n<\/tbody>\n<\/table>\n<table class=\" alignleft\" width=\"702\">\n<tbody>\n<tr>\n<td align=\"left\" width=\"702\"><span style=\"color: #5dc269;\"><strong>Tema 8: El agua en el suelo<\/strong><\/span><\/td>\n<\/tr>\n<tr>\n<td align=\"left\" width=\"702\">La porosidad y textura del suelo<\/p>\n<p>Tipos de agua en el suelo<\/p>\n<p>Capacidad de retenci\u00f3n de agua del suelo<\/p>\n<p>Almacenamiento de agua en el suelo<\/p>\n<p>Condiciones de humedad del suelo<\/p>\n<p>El efecto osm\u00f3tico<\/p>\n<p>Movimiento de agua en el suelo<\/td>\n<\/tr>\n<\/tbody>\n<\/table>\n<table class=\" alignleft\" width=\"702\">\n<tbody>\n<tr>\n<td align=\"left\" width=\"702\"><span style=\"color: #5dc269;\"><strong>Tema 9 \u2013 <\/strong><strong>\u00a0El manejo de riego<\/strong><\/span><\/td>\n<\/tr>\n<tr>\n<td align=\"left\" width=\"702\">Los requerimientos h\u00eddricos de las plantas<\/p>\n<p>La evapotranspiraci\u00f3n<\/p>\n<p>M\u00e9todos para estimar la evapotranspiraci\u00f3n<\/p>\n<p>Programaci\u00f3n del riego en funci\u00f3n de la evapotranspiraci\u00f3n<\/p>\n<p>Programaci\u00f3n del riego mediante tensi\u00f3metros<\/p>\n<p>Programaci\u00f3n del riego mediante sensores<\/p>\n<p>M\u00e9todos de riego:<\/p>\n<p>&#8211;\u00a0\u00a0\u00a0\u00a0\u00a0\u00a0\u00a0 Riego por goteo<\/p>\n<p>&#8211;\u00a0\u00a0\u00a0\u00a0\u00a0\u00a0\u00a0 Aspersores<\/p>\n<p>&#8211;\u00a0\u00a0\u00a0\u00a0\u00a0\u00a0\u00a0 Pivote<\/p>\n<p>Manejo de riego en el suelo<\/p>\n<p>Manejo de riego en hidropon\u00eda<\/td>\n<\/tr>\n<\/tbody>\n<\/table>\n<table class=\" alignleft\" width=\"702\">\n<tbody>\n<tr>\n<td align=\"left\" width=\"702\"><span style=\"color: #5dc269;\"><strong>Tema 10 &#8211; Ejercicio<\/strong><\/span><\/td>\n<\/tr>\n<tr>\n<td align=\"left\" width=\"702\">Realizaremos un ejercicio y responderemos sus preguntas<\/td>\n<\/tr>\n<\/tbody>\n<\/table>\n","protected":false},"excerpt":{"rendered":"<p>Tema 1 \u2013 \u00a0Nutrientes en los vegetales Respuesta del rendimiento vegetal en funci\u00f3n de la nutrici\u00f3n. La ley del m\u00ednimo Los nutrientes esenciales y su papel en las plantas: &#8211;\u00a0\u00a0\u00a0\u00a0\u00a0\u00a0\u00a0 Los macronutrientes. &#8211;\u00a0\u00a0\u00a0\u00a0\u00a0\u00a0\u00a0 Los nutrientes secundarios. &#8211;\u00a0\u00a0\u00a0\u00a0\u00a0\u00a0\u00a0 Los micronutrientes La disponibilidad de nutrientes. Conversiones de unidades y formas i\u00f3nicas Requerimientos de nutrientes de los cultivos&#8230; <\/p>\n<div class=\"clear\"><\/div>\n<p><a href=\"https:\/\/cropaia.com\/es\/curso-fertilizacion-riego-malla-curricular\/\" class=\"excerpt-read-more\">Leer m\u00e1s<\/a><\/p>\n","protected":false},"author":1,"featured_media":0,"parent":0,"menu_order":0,"comment_status":"closed","ping_status":"closed","template":"","meta":{"om_disable_all_campaigns":false,"footnotes":""},"class_list":["post-10559","page","type-page","status-publish","hentry"],"aioseo_notices":[],"_links":{"self":[{"href":"https:\/\/cropaia.com\/es\/wp-json\/wp\/v2\/pages\/10559","targetHints":{"allow":["GET"]}}],"collection":[{"href":"https:\/\/cropaia.com\/es\/wp-json\/wp\/v2\/pages"}],"about":[{"href":"https:\/\/cropaia.com\/es\/wp-json\/wp\/v2\/types\/page"}],"author":[{"embeddable":true,"href":"https:\/\/cropaia.com\/es\/wp-json\/wp\/v2\/users\/1"}],"replies":[{"embeddable":true,"href":"https:\/\/cropaia.com\/es\/wp-json\/wp\/v2\/comments?post=10559"}],"version-history":[{"count":0,"href":"https:\/\/cropaia.com\/es\/wp-json\/wp\/v2\/pages\/10559\/revisions"}],"wp:attachment":[{"href":"https:\/\/cropaia.com\/es\/wp-json\/wp\/v2\/media?parent=10559"}],"curies":[{"name":"wp","href":"https:\/\/api.w.org\/{rel}","templated":true}]}}